{"id":381,"date":"2021-08-28T19:01:53","date_gmt":"2021-08-28T17:01:53","guid":{"rendered":"http:\/\/enlcmdy.cluster031.hosting.ovh.net\/?page_id=381"},"modified":"2024-07-31T15:30:59","modified_gmt":"2024-07-31T13:30:59","slug":"finitions-anticorrosion-top-coat","status":"publish","type":"page","link":"https:\/\/www.mithieux.fr\/en\/finitions-anticorrosion-top-coat\/","title":{"rendered":"02.2.1 &#8211; Finitions Top Coat"},"content":{"rendered":"\t\t<div data-elementor-type=\"wp-page\" data-elementor-id=\"381\" class=\"elementor elementor-381\" data-elementor-post-type=\"page\">\n\t\t\t\t\t\t<section class=\"elementor-section elementor-top-section elementor-element elementor-element-79e1657 elementor-section-full_width elementor-section-height-min-height elementor-section-height-default elementor-section-items-middle\" data-id=\"79e1657\" data-element_type=\"section\" data-e-type=\"section\" data-settings=\"{&quot;background_background&quot;:&quot;classic&quot;,&quot;background_motion_fx_motion_fx_scrolling&quot;:&quot;yes&quot;,&quot;background_motion_fx_translateY_effect&quot;:&quot;yes&quot;,&quot;background_motion_fx_translateY_speed&quot;:{&quot;unit&quot;:&quot;px&quot;,&quot;size&quot;:4,&quot;sizes&quot;:[]},&quot;background_motion_fx_translateY_affectedRange&quot;:{&quot;unit&quot;:&quot;%&quot;,&quot;size&quot;:&quot;&quot;,&quot;sizes&quot;:{&quot;start&quot;:0,&quot;end&quot;:100}},&quot;background_motion_fx_devices&quot;:[&quot;desktop&quot;,&quot;tablet&quot;,&quot;mobile&quot;]}\">\n\t\t\t\t\t\t\t<div class=\"elementor-background-overlay\"><\/div>\n\t\t\t\t\t\t\t<div class=\"elementor-container elementor-column-gap-default\">\n\t\t\t\t\t<div class=\"elementor-column elementor-col-100 elementor-top-column elementor-element elementor-element-152f721\" data-id=\"152f721\" data-element_type=\"column\" data-e-type=\"column\">\n\t\t\t<div class=\"elementor-widget-wrap elementor-element-populated\">\n\t\t\t\t\t\t<div class=\"elementor-element elementor-element-5e73c40 elementor-widget elementor-widget-spacer\" data-id=\"5e73c40\" data-element_type=\"widget\" data-e-type=\"widget\" data-widget_type=\"spacer.default\">\n\t\t\t\t<div class=\"elementor-widget-container\">\n\t\t\t\t\t\t\t<div class=\"elementor-spacer\">\n\t\t\t<div class=\"elementor-spacer-inner\"><\/div>\n\t\t<\/div>\n\t\t\t\t\t\t<\/div>\n\t\t\t\t<\/div>\n\t\t\t\t<div class=\"elementor-element elementor-element-3801230 elementor-widget elementor-widget-heading\" data-id=\"3801230\" data-element_type=\"widget\" data-e-type=\"widget\" data-widget_type=\"heading.default\">\n\t\t\t\t<div class=\"elementor-widget-container\">\n\t\t\t\t\t<p class=\"elementor-heading-title elementor-size-default\">Les finitions <\/p>\t\t\t\t<\/div>\n\t\t\t\t<\/div>\n\t\t\t\t<div class=\"elementor-element elementor-element-de7a878 elementor-widget elementor-widget-heading\" data-id=\"de7a878\" data-element_type=\"widget\" data-e-type=\"widget\" data-widget_type=\"heading.default\">\n\t\t\t\t<div class=\"elementor-widget-container\">\n\t\t\t\t\t<h1 class=\"elementor-heading-title elementor-size-default\">Les finitions top coat et lubrification<\/h1>\t\t\t\t<\/div>\n\t\t\t\t<\/div>\n\t\t\t\t<div class=\"elementor-element elementor-element-1e0f424 elementor-view-default elementor-widget elementor-widget-icon\" data-id=\"1e0f424\" data-element_type=\"widget\" data-e-type=\"widget\" data-widget_type=\"icon.default\">\n\t\t\t\t<div class=\"elementor-widget-container\">\n\t\t\t\t\t\t\t<div class=\"elementor-icon-wrapper\">\n\t\t\t<div class=\"elementor-icon\">\n\t\t\t<svg xmlns=\"http:\/\/www.w3.org\/2000\/svg\" width=\"55.638\" height=\"21.464\" viewBox=\"0 0 55.638 21.464\"><g id=\"Groupe_20\" data-name=\"Groupe 20\" transform=\"translate(-931.912 -575.371)\"><g id=\"Groupe_17\" data-name=\"Groupe 17\" transform=\"matrix(0.588, 0.809, -0.809, 0.588, 964.137, 575.371)\"><path id=\"Trac&#xE9;_43\" data-name=\"Trac&#xE9; 43\" d=\"M7.633.187A.325.325,0,0,0,7.369,0a.322.322,0,0,0-.294.132L.062,9.774a.327.327,0,0,0-.025.342L4.884,19.4a.325.325,0,0,0,.261.174h.027a.325.325,0,0,0,.26-.129l6.814-9.021a.326.326,0,0,0,.035-.334Z\" transform=\"translate(0 0)\" fill=\"#51b7c7\"><\/path><\/g><g id=\"Groupe_19\" data-name=\"Groupe 19\" transform=\"matrix(0.588, 0.809, -0.809, 0.588, 980.314, 575.371)\"><path id=\"Trac&#xE9;_43-2\" data-name=\"Trac&#xE9; 43\" d=\"M7.633.187A.325.325,0,0,0,7.369,0a.322.322,0,0,0-.294.132L.062,9.774a.327.327,0,0,0-.025.342L4.884,19.4a.325.325,0,0,0,.261.174h.027a.325.325,0,0,0,.26-.129l6.814-9.021a.326.326,0,0,0,.035-.334Z\" transform=\"translate(0 0)\" fill=\"#51b7c7\"><\/path><\/g><g id=\"Groupe_18\" data-name=\"Groupe 18\" transform=\"matrix(0.588, 0.809, -0.809, 0.588, 947.746, 575.371)\"><path id=\"Trac&#xE9;_43-3\" data-name=\"Trac&#xE9; 43\" d=\"M7.633.187A.325.325,0,0,0,7.369,0a.322.322,0,0,0-.294.132L.062,9.774a.327.327,0,0,0-.025.342L4.884,19.4a.325.325,0,0,0,.261.174h.027a.325.325,0,0,0,.26-.129l6.814-9.021a.326.326,0,0,0,.035-.334Z\" transform=\"translate(0 0)\" fill=\"#51b7c7\"><\/path><\/g><\/g><\/svg>\t\t\t<\/div>\n\t\t<\/div>\n\t\t\t\t\t\t<\/div>\n\t\t\t\t<\/div>\n\t\t\t\t<div class=\"elementor-element elementor-element-933ff33 elementor-widget elementor-widget-spacer\" data-id=\"933ff33\" data-element_type=\"widget\" data-e-type=\"widget\" data-widget_type=\"spacer.default\">\n\t\t\t\t<div class=\"elementor-widget-container\">\n\t\t\t\t\t\t\t<div class=\"elementor-spacer\">\n\t\t\t<div class=\"elementor-spacer-inner\"><\/div>\n\t\t<\/div>\n\t\t\t\t\t\t<\/div>\n\t\t\t\t<\/div>\n\t\t\t\t\t<\/div>\n\t\t<\/div>\n\t\t\t\t\t<\/div>\n\t\t<\/section>\n\t\t\t\t<section class=\"elementor-section elementor-top-section elementor-element elementor-element-5bf6cf3 elementor-section-full_width elementor-reverse-mobile elementor-section-height-default elementor-section-height-default\" data-id=\"5bf6cf3\" data-element_type=\"section\" data-e-type=\"section\">\n\t\t\t\t\t\t<div class=\"elementor-container elementor-column-gap-default\">\n\t\t\t\t\t<div class=\"elementor-column elementor-col-50 elementor-top-column elementor-element elementor-element-805224b\" data-id=\"805224b\" data-element_type=\"column\" data-e-type=\"column\" data-settings=\"{&quot;background_background&quot;:&quot;classic&quot;}\">\n\t\t\t<div class=\"elementor-widget-wrap elementor-element-populated\">\n\t\t\t\t\t<div class=\"elementor-background-overlay\"><\/div>\n\t\t\t\t\t\t<div class=\"elementor-element elementor-element-5879097 elementor-widget elementor-widget-image\" data-id=\"5879097\" data-element_type=\"widget\" data-e-type=\"widget\" data-widget_type=\"image.default\">\n\t\t\t\t<div class=\"elementor-widget-container\">\n\t\t\t\t\t\t\t\t\t\t\t\t\t\t\t<img fetchpriority=\"high\" decoding=\"async\" width=\"800\" height=\"534\" src=\"https:\/\/www.mithieux.fr\/wp-content\/uploads\/2024\/07\/mithieux-traitement-anticorrosion-2000px-39-1024x684.webp\" class=\"attachment-large size-large wp-image-1801\" alt=\"Finition pi\u00e8ce m\u00e9tallique\" srcset=\"https:\/\/www.mithieux.fr\/wp-content\/uploads\/2024\/07\/mithieux-traitement-anticorrosion-2000px-39-1024x684.webp 1024w, https:\/\/www.mithieux.fr\/wp-content\/uploads\/2024\/07\/mithieux-traitement-anticorrosion-2000px-39-300x200.webp 300w, https:\/\/www.mithieux.fr\/wp-content\/uploads\/2024\/07\/mithieux-traitement-anticorrosion-2000px-39-768x513.webp 768w, https:\/\/www.mithieux.fr\/wp-content\/uploads\/2024\/07\/mithieux-traitement-anticorrosion-2000px-39-1536x1026.webp 1536w, https:\/\/www.mithieux.fr\/wp-content\/uploads\/2024\/07\/mithieux-traitement-anticorrosion-2000px-39-18x12.webp 18w, https:\/\/www.mithieux.fr\/wp-content\/uploads\/2024\/07\/mithieux-traitement-anticorrosion-2000px-39.webp 2000w\" sizes=\"(max-width: 800px) 100vw, 800px\" \/>\t\t\t\t\t\t\t\t\t\t\t\t\t\t\t<\/div>\n\t\t\t\t<\/div>\n\t\t\t\t\t<\/div>\n\t\t<\/div>\n\t\t\t\t<div class=\"elementor-column elementor-col-50 elementor-top-column elementor-element elementor-element-888963d\" data-id=\"888963d\" data-element_type=\"column\" data-e-type=\"column\">\n\t\t\t<div class=\"elementor-widget-wrap elementor-element-populated\">\n\t\t\t\t\t\t<div class=\"elementor-element elementor-element-85697f9 elementor-widget elementor-widget-text-editor\" data-id=\"85697f9\" data-element_type=\"widget\" data-e-type=\"widget\" data-widget_type=\"text-editor.default\">\n\t\t\t\t<div class=\"elementor-widget-container\">\n\t\t\t\t\t\t\t\t\t<p><strong>Les finitions top coat et lubrification Mithieux Metal Protect sont appliqu\u00e9es selon un process de tremp\u00e9 \/ centrifugation.<\/strong><\/p><p>Ces traitements sont r\u00e9alis\u00e9s sur des pi\u00e8ces pr\u00e9alablement trait\u00e9es par nos soins en zinc ou zinc nickel pour conf\u00e9rer un coefficient de frottement sp\u00e9cifique.\u00a0<\/p><p>Cette op\u00e9ration permet notamment d\u2019assurer le vissage en automatique d\u2019\u00e9l\u00e9ments de fixation et d\u2019am\u00e9liorer la tenue \u00e0 la corrosion.\u00a0<\/p>\t\t\t\t\t\t\t\t<\/div>\n\t\t\t\t<\/div>\n\t\t\t\t\t<\/div>\n\t\t<\/div>\n\t\t\t\t\t<\/div>\n\t\t<\/section>\n\t\t\t\t<section class=\"elementor-section elementor-top-section elementor-element elementor-element-bbec595 elementor-section-full_width elementor-section-height-default elementor-section-height-default\" data-id=\"bbec595\" data-element_type=\"section\" data-e-type=\"section\">\n\t\t\t\t\t\t<div class=\"elementor-container elementor-column-gap-default\">\n\t\t\t\t\t<div class=\"elementor-column elementor-col-33 elementor-top-column elementor-element elementor-element-e6815d7\" data-id=\"e6815d7\" data-element_type=\"column\" data-e-type=\"column\">\n\t\t\t<div class=\"elementor-widget-wrap elementor-element-populated\">\n\t\t\t\t\t\t<div class=\"elementor-element elementor-element-c0f838c elementor-widget elementor-widget-heading\" data-id=\"c0f838c\" data-element_type=\"widget\" data-e-type=\"widget\" data-widget_type=\"heading.default\">\n\t\t\t\t<div class=\"elementor-widget-container\">\n\t\t\t\t\t<h2 class=\"elementor-heading-title elementor-size-default\">Caract\u00e9ristiques<\/h2>\t\t\t\t<\/div>\n\t\t\t\t<\/div>\n\t\t\t\t<div class=\"elementor-element elementor-element-970c3fa elementor-widget elementor-widget-text-editor\" data-id=\"970c3fa\" data-element_type=\"widget\" data-e-type=\"widget\" data-widget_type=\"text-editor.default\">\n\t\t\t\t<div class=\"elementor-widget-container\">\n\t\t\t\t\t\t\t\t\t<ul><li><p>Coefficient de frottement ma\u00eetris\u00e9<\/p><\/li><li><p>Meilleure r\u00e9sistance \u00e0 la corrosion<\/p><\/li><\/ul>\t\t\t\t\t\t\t\t<\/div>\n\t\t\t\t<\/div>\n\t\t\t\t\t<\/div>\n\t\t<\/div>\n\t\t\t\t<div class=\"elementor-column elementor-col-33 elementor-top-column elementor-element elementor-element-3510ac2\" data-id=\"3510ac2\" data-element_type=\"column\" data-e-type=\"column\">\n\t\t\t<div class=\"elementor-widget-wrap elementor-element-populated\">\n\t\t\t\t\t\t<div class=\"elementor-element elementor-element-34f507a elementor-widget elementor-widget-heading\" data-id=\"34f507a\" data-element_type=\"widget\" data-e-type=\"widget\" data-widget_type=\"heading.default\">\n\t\t\t\t<div class=\"elementor-widget-container\">\n\t\t\t\t\t<h2 class=\"elementor-heading-title elementor-size-default\">Applications<\/h2>\t\t\t\t<\/div>\n\t\t\t\t<\/div>\n\t\t\t\t<div class=\"elementor-element elementor-element-e8a6f35 elementor-widget elementor-widget-text-editor\" data-id=\"e8a6f35\" data-element_type=\"widget\" data-e-type=\"widget\" data-widget_type=\"text-editor.default\">\n\t\t\t\t<div class=\"elementor-widget-container\">\n\t\t\t\t\t\t\t\t\t<ul><li>Automobile<\/li><li>Construction m\u00e9canique<\/li><li>Electrique<\/li><li>Machines-outils<\/li><li>&#8230;<\/li><\/ul>\t\t\t\t\t\t\t\t<\/div>\n\t\t\t\t<\/div>\n\t\t\t\t\t<\/div>\n\t\t<\/div>\n\t\t\t\t<div class=\"elementor-column elementor-col-33 elementor-top-column elementor-element elementor-element-05e367c\" data-id=\"05e367c\" data-element_type=\"column\" data-e-type=\"column\">\n\t\t\t<div class=\"elementor-widget-wrap elementor-element-populated\">\n\t\t\t\t\t\t<div class=\"elementor-element elementor-element-5e09e39 elementor-widget elementor-widget-heading\" data-id=\"5e09e39\" data-element_type=\"widget\" data-e-type=\"widget\" data-widget_type=\"heading.default\">\n\t\t\t\t<div class=\"elementor-widget-container\">\n\t\t\t\t\t<h2 class=\"elementor-heading-title elementor-size-default\">Equipement<\/h2>\t\t\t\t<\/div>\n\t\t\t\t<\/div>\n\t\t\t\t<div class=\"elementor-element elementor-element-3309501 elementor-widget elementor-widget-text-editor\" data-id=\"3309501\" data-element_type=\"widget\" data-e-type=\"widget\" data-widget_type=\"text-editor.default\">\n\t\t\t\t<div class=\"elementor-widget-container\">\n\t\t\t\t\t\t\t\t\t<ul><li><p>Une ligne WMV de forte capacit\u00e9<\/p><\/li><li><p>Fonctionnement de nos chaines de production 7\/7 et 24\/24<\/p><\/li><\/ul>\t\t\t\t\t\t\t\t<\/div>\n\t\t\t\t<\/div>\n\t\t\t\t\t<\/div>\n\t\t<\/div>\n\t\t\t\t\t<\/div>\n\t\t<\/section>\n\t\t\t\t<\/div>\n\t\t","protected":false},"excerpt":{"rendered":"<p>Les finitions Les finitions top coat et lubrification Les finitions top coat et lubrification Mithieux Metal Protect sont appliqu\u00e9es selon un process de tremp\u00e9 \/ centrifugation. Ces traitements sont r\u00e9alis\u00e9s sur des pi\u00e8ces pr\u00e9alablement trait\u00e9es par nos soins en zinc ou zinc nickel pour conf\u00e9rer un coefficient de frottement sp\u00e9cifique.\u00a0 Cette op\u00e9ration permet notamment d\u2019assurer [&hellip;]<\/p>\n","protected":false},"author":1,"featured_media":0,"parent":0,"menu_order":0,"comment_status":"closed","ping_status":"closed","template":"","meta":{"footnotes":""},"class_list":["post-381","page","type-page","status-publish","hentry"],"yoast_head":"<!-- This site is optimized with the Yoast SEO plugin v27.3 - https:\/\/yoast.com\/product\/yoast-seo-wordpress\/ -->\n<title>Finition top coat industriel pi\u00e8ces m\u00e9talliques Mithieux Metal Protect<\/title>\n<meta name=\"description\" content=\"Les finitions industrielles top coat et lubrification sur pi\u00e8ces m\u00e9tal trait\u00e9es zinc ou zinc nickel, pour am\u00e9liorer les caract\u00e9ristiques tribologiques, frottement, vissage et tenue \u00e0 la corrosion.\" \/>\n<meta name=\"robots\" content=\"index, follow, max-snippet:-1, max-image-preview:large, max-video-preview:-1\" \/>\n<link rel=\"canonical\" href=\"https:\/\/www.mithieux.fr\/en\/finitions-anticorrosion-top-coat\/\" \/>\n<meta property=\"og:locale\" content=\"en_GB\" \/>\n<meta property=\"og:type\" content=\"article\" \/>\n<meta property=\"og:title\" content=\"Finition top coat industriel pi\u00e8ces m\u00e9talliques Mithieux Metal Protect\" \/>\n<meta property=\"og:description\" content=\"Les finitions industrielles top coat et lubrification sur pi\u00e8ces m\u00e9tal trait\u00e9es zinc ou zinc nickel, pour am\u00e9liorer les caract\u00e9ristiques tribologiques, frottement, vissage et tenue \u00e0 la corrosion.\" \/>\n<meta property=\"og:url\" content=\"https:\/\/www.mithieux.fr\/en\/finitions-anticorrosion-top-coat\/\" \/>\n<meta property=\"og:site_name\" content=\"Mithieux\" \/>\n<meta property=\"article:modified_time\" content=\"2024-07-31T13:30:59+00:00\" \/>\n<meta property=\"og:image\" content=\"https:\/\/www.mithieux.fr\/wp-content\/uploads\/2024\/07\/mithieux-traitement-anticorrosion-2000px-39-1024x684.webp\" \/>\n<meta name=\"twitter:card\" content=\"summary_large_image\" \/>\n<meta name=\"twitter:label1\" content=\"Estimated reading time\" \/>\n\t<meta name=\"twitter:data1\" content=\"1 minute\" \/>\n<script type=\"application\/ld+json\" class=\"yoast-schema-graph\">{\"@context\":\"https:\\\/\\\/schema.org\",\"@graph\":[{\"@type\":\"WebPage\",\"@id\":\"https:\\\/\\\/www.mithieux.fr\\\/finitions-anticorrosion-top-coat\\\/\",\"url\":\"https:\\\/\\\/www.mithieux.fr\\\/finitions-anticorrosion-top-coat\\\/\",\"name\":\"Finition top coat industriel pi\u00e8ces m\u00e9talliques Mithieux Metal Protect\",\"isPartOf\":{\"@id\":\"https:\\\/\\\/www.mithieux.fr\\\/#website\"},\"primaryImageOfPage\":{\"@id\":\"https:\\\/\\\/www.mithieux.fr\\\/finitions-anticorrosion-top-coat\\\/#primaryimage\"},\"image\":{\"@id\":\"https:\\\/\\\/www.mithieux.fr\\\/finitions-anticorrosion-top-coat\\\/#primaryimage\"},\"thumbnailUrl\":\"https:\\\/\\\/www.mithieux.fr\\\/wp-content\\\/uploads\\\/2024\\\/07\\\/mithieux-traitement-anticorrosion-2000px-39-1024x684.webp\",\"datePublished\":\"2021-08-28T17:01:53+00:00\",\"dateModified\":\"2024-07-31T13:30:59+00:00\",\"description\":\"Les finitions industrielles top coat et lubrification sur pi\u00e8ces m\u00e9tal trait\u00e9es zinc ou zinc nickel, pour am\u00e9liorer les caract\u00e9ristiques tribologiques, frottement, vissage et tenue \u00e0 la corrosion.\",\"breadcrumb\":{\"@id\":\"https:\\\/\\\/www.mithieux.fr\\\/finitions-anticorrosion-top-coat\\\/#breadcrumb\"},\"inLanguage\":\"en-GB\",\"potentialAction\":[{\"@type\":\"ReadAction\",\"target\":[\"https:\\\/\\\/www.mithieux.fr\\\/finitions-anticorrosion-top-coat\\\/\"]}]},{\"@type\":\"ImageObject\",\"inLanguage\":\"en-GB\",\"@id\":\"https:\\\/\\\/www.mithieux.fr\\\/finitions-anticorrosion-top-coat\\\/#primaryimage\",\"url\":\"https:\\\/\\\/www.mithieux.fr\\\/wp-content\\\/uploads\\\/2024\\\/07\\\/mithieux-traitement-anticorrosion-2000px-39-1024x684.webp\",\"contentUrl\":\"https:\\\/\\\/www.mithieux.fr\\\/wp-content\\\/uploads\\\/2024\\\/07\\\/mithieux-traitement-anticorrosion-2000px-39-1024x684.webp\"},{\"@type\":\"BreadcrumbList\",\"@id\":\"https:\\\/\\\/www.mithieux.fr\\\/finitions-anticorrosion-top-coat\\\/#breadcrumb\",\"itemListElement\":[{\"@type\":\"ListItem\",\"position\":1,\"name\":\"Accueil\",\"item\":\"https:\\\/\\\/www.mithieux.fr\\\/\"},{\"@type\":\"ListItem\",\"position\":2,\"name\":\"02.2.1 &#8211; Finitions Top Coat\"}]},{\"@type\":\"WebSite\",\"@id\":\"https:\\\/\\\/www.mithieux.fr\\\/#website\",\"url\":\"https:\\\/\\\/www.mithieux.fr\\\/\",\"name\":\"Mithieux\",\"description\":\"\",\"publisher\":{\"@id\":\"https:\\\/\\\/www.mithieux.fr\\\/#organization\"},\"potentialAction\":[{\"@type\":\"SearchAction\",\"target\":{\"@type\":\"EntryPoint\",\"urlTemplate\":\"https:\\\/\\\/www.mithieux.fr\\\/?s={search_term_string}\"},\"query-input\":{\"@type\":\"PropertyValueSpecification\",\"valueRequired\":true,\"valueName\":\"search_term_string\"}}],\"inLanguage\":\"en-GB\"},{\"@type\":\"Organization\",\"@id\":\"https:\\\/\\\/www.mithieux.fr\\\/#organization\",\"name\":\"Mithieux\",\"url\":\"https:\\\/\\\/www.mithieux.fr\\\/\",\"logo\":{\"@type\":\"ImageObject\",\"inLanguage\":\"en-GB\",\"@id\":\"https:\\\/\\\/www.mithieux.fr\\\/#\\\/schema\\\/logo\\\/image\\\/\",\"url\":\"https:\\\/\\\/www.mithieux.fr\\\/wp-content\\\/uploads\\\/2021\\\/07\\\/mithieux-fondfonce-simplifie.svg\",\"contentUrl\":\"https:\\\/\\\/www.mithieux.fr\\\/wp-content\\\/uploads\\\/2021\\\/07\\\/mithieux-fondfonce-simplifie.svg\",\"caption\":\"Mithieux\"},\"image\":{\"@id\":\"https:\\\/\\\/www.mithieux.fr\\\/#\\\/schema\\\/logo\\\/image\\\/\"}}]}<\/script>\n<!-- \/ Yoast SEO plugin. -->","yoast_head_json":{"title":"Finition top coat industriel pi\u00e8ces m\u00e9talliques Mithieux Metal Protect","description":"Les finitions industrielles top coat et lubrification sur pi\u00e8ces m\u00e9tal trait\u00e9es zinc ou zinc nickel, pour am\u00e9liorer les caract\u00e9ristiques tribologiques, frottement, vissage et tenue \u00e0 la corrosion.","robots":{"index":"index","follow":"follow","max-snippet":"max-snippet:-1","max-image-preview":"max-image-preview:large","max-video-preview":"max-video-preview:-1"},"canonical":"https:\/\/www.mithieux.fr\/en\/finitions-anticorrosion-top-coat\/","og_locale":"en_GB","og_type":"article","og_title":"Finition top coat industriel pi\u00e8ces m\u00e9talliques Mithieux Metal Protect","og_description":"Les finitions industrielles top coat et lubrification sur pi\u00e8ces m\u00e9tal trait\u00e9es zinc ou zinc nickel, pour am\u00e9liorer les caract\u00e9ristiques tribologiques, frottement, vissage et tenue \u00e0 la corrosion.","og_url":"https:\/\/www.mithieux.fr\/en\/finitions-anticorrosion-top-coat\/","og_site_name":"Mithieux","article_modified_time":"2024-07-31T13:30:59+00:00","og_image":[{"url":"https:\/\/www.mithieux.fr\/wp-content\/uploads\/2024\/07\/mithieux-traitement-anticorrosion-2000px-39-1024x684.webp","type":"","width":"","height":""}],"twitter_card":"summary_large_image","twitter_misc":{"Estimated reading time":"1 minute"},"schema":{"@context":"https:\/\/schema.org","@graph":[{"@type":"WebPage","@id":"https:\/\/www.mithieux.fr\/finitions-anticorrosion-top-coat\/","url":"https:\/\/www.mithieux.fr\/finitions-anticorrosion-top-coat\/","name":"Finition top coat industriel pi\u00e8ces m\u00e9talliques Mithieux Metal Protect","isPartOf":{"@id":"https:\/\/www.mithieux.fr\/#website"},"primaryImageOfPage":{"@id":"https:\/\/www.mithieux.fr\/finitions-anticorrosion-top-coat\/#primaryimage"},"image":{"@id":"https:\/\/www.mithieux.fr\/finitions-anticorrosion-top-coat\/#primaryimage"},"thumbnailUrl":"https:\/\/www.mithieux.fr\/wp-content\/uploads\/2024\/07\/mithieux-traitement-anticorrosion-2000px-39-1024x684.webp","datePublished":"2021-08-28T17:01:53+00:00","dateModified":"2024-07-31T13:30:59+00:00","description":"Les finitions industrielles top coat et lubrification sur pi\u00e8ces m\u00e9tal trait\u00e9es zinc ou zinc nickel, pour am\u00e9liorer les caract\u00e9ristiques tribologiques, frottement, vissage et tenue \u00e0 la corrosion.","breadcrumb":{"@id":"https:\/\/www.mithieux.fr\/finitions-anticorrosion-top-coat\/#breadcrumb"},"inLanguage":"en-GB","potentialAction":[{"@type":"ReadAction","target":["https:\/\/www.mithieux.fr\/finitions-anticorrosion-top-coat\/"]}]},{"@type":"ImageObject","inLanguage":"en-GB","@id":"https:\/\/www.mithieux.fr\/finitions-anticorrosion-top-coat\/#primaryimage","url":"https:\/\/www.mithieux.fr\/wp-content\/uploads\/2024\/07\/mithieux-traitement-anticorrosion-2000px-39-1024x684.webp","contentUrl":"https:\/\/www.mithieux.fr\/wp-content\/uploads\/2024\/07\/mithieux-traitement-anticorrosion-2000px-39-1024x684.webp"},{"@type":"BreadcrumbList","@id":"https:\/\/www.mithieux.fr\/finitions-anticorrosion-top-coat\/#breadcrumb","itemListElement":[{"@type":"ListItem","position":1,"name":"Accueil","item":"https:\/\/www.mithieux.fr\/"},{"@type":"ListItem","position":2,"name":"02.2.1 &#8211; Finitions Top Coat"}]},{"@type":"WebSite","@id":"https:\/\/www.mithieux.fr\/#website","url":"https:\/\/www.mithieux.fr\/","name":"Mithieux","description":"","publisher":{"@id":"https:\/\/www.mithieux.fr\/#organization"},"potentialAction":[{"@type":"SearchAction","target":{"@type":"EntryPoint","urlTemplate":"https:\/\/www.mithieux.fr\/?s={search_term_string}"},"query-input":{"@type":"PropertyValueSpecification","valueRequired":true,"valueName":"search_term_string"}}],"inLanguage":"en-GB"},{"@type":"Organization","@id":"https:\/\/www.mithieux.fr\/#organization","name":"Mithieux","url":"https:\/\/www.mithieux.fr\/","logo":{"@type":"ImageObject","inLanguage":"en-GB","@id":"https:\/\/www.mithieux.fr\/#\/schema\/logo\/image\/","url":"https:\/\/www.mithieux.fr\/wp-content\/uploads\/2021\/07\/mithieux-fondfonce-simplifie.svg","contentUrl":"https:\/\/www.mithieux.fr\/wp-content\/uploads\/2021\/07\/mithieux-fondfonce-simplifie.svg","caption":"Mithieux"},"image":{"@id":"https:\/\/www.mithieux.fr\/#\/schema\/logo\/image\/"}}]}},"_links":{"self":[{"href":"https:\/\/www.mithieux.fr\/en\/wp-json\/wp\/v2\/pages\/381","targetHints":{"allow":["GET"]}}],"collection":[{"href":"https:\/\/www.mithieux.fr\/en\/wp-json\/wp\/v2\/pages"}],"about":[{"href":"https:\/\/www.mithieux.fr\/en\/wp-json\/wp\/v2\/types\/page"}],"author":[{"embeddable":true,"href":"https:\/\/www.mithieux.fr\/en\/wp-json\/wp\/v2\/users\/1"}],"replies":[{"embeddable":true,"href":"https:\/\/www.mithieux.fr\/en\/wp-json\/wp\/v2\/comments?post=381"}],"version-history":[{"count":42,"href":"https:\/\/www.mithieux.fr\/en\/wp-json\/wp\/v2\/pages\/381\/revisions"}],"predecessor-version":[{"id":1813,"href":"https:\/\/www.mithieux.fr\/en\/wp-json\/wp\/v2\/pages\/381\/revisions\/1813"}],"wp:attachment":[{"href":"https:\/\/www.mithieux.fr\/en\/wp-json\/wp\/v2\/media?parent=381"}],"curies":[{"name":"wp","href":"https:\/\/api.w.org\/{rel}","templated":true}]}}