{"id":567,"date":"2021-08-28T23:40:37","date_gmt":"2021-08-28T21:40:37","guid":{"rendered":"http:\/\/enlcmdy.cluster031.hosting.ovh.net\/?page_id=567"},"modified":"2024-07-31T15:31:58","modified_gmt":"2024-07-31T13:31:58","slug":"contacter-mithieux","status":"publish","type":"page","link":"https:\/\/www.mithieux.fr\/en\/contacter-mithieux\/","title":{"rendered":"06 &#8211; Contact"},"content":{"rendered":"\t\t<div data-elementor-type=\"wp-page\" data-elementor-id=\"567\" class=\"elementor elementor-567\" data-elementor-post-type=\"page\">\n\t\t\t\t\t\t<section class=\"elementor-section elementor-top-section elementor-element elementor-element-79e1657 elementor-section-full_width elementor-section-height-min-height elementor-section-height-default elementor-section-items-middle\" data-id=\"79e1657\" data-element_type=\"section\" data-e-type=\"section\" data-settings=\"{&quot;background_background&quot;:&quot;classic&quot;,&quot;background_motion_fx_motion_fx_scrolling&quot;:&quot;yes&quot;,&quot;background_motion_fx_translateY_effect&quot;:&quot;yes&quot;,&quot;background_motion_fx_translateY_direction&quot;:&quot;negative&quot;,&quot;background_motion_fx_translateY_speed&quot;:{&quot;unit&quot;:&quot;px&quot;,&quot;size&quot;:4,&quot;sizes&quot;:[]},&quot;background_motion_fx_translateY_affectedRange&quot;:{&quot;unit&quot;:&quot;%&quot;,&quot;size&quot;:&quot;&quot;,&quot;sizes&quot;:{&quot;start&quot;:0,&quot;end&quot;:100}},&quot;background_motion_fx_devices&quot;:[&quot;desktop&quot;,&quot;tablet&quot;,&quot;mobile&quot;]}\">\n\t\t\t\t\t\t\t<div class=\"elementor-background-overlay\"><\/div>\n\t\t\t\t\t\t\t<div class=\"elementor-container elementor-column-gap-default\">\n\t\t\t\t\t<div class=\"elementor-column elementor-col-100 elementor-top-column elementor-element elementor-element-152f721\" data-id=\"152f721\" data-element_type=\"column\" data-e-type=\"column\">\n\t\t\t<div class=\"elementor-widget-wrap elementor-element-populated\">\n\t\t\t\t\t\t<div class=\"elementor-element elementor-element-5e73c40 elementor-widget elementor-widget-spacer\" data-id=\"5e73c40\" data-element_type=\"widget\" data-e-type=\"widget\" data-widget_type=\"spacer.default\">\n\t\t\t\t<div class=\"elementor-widget-container\">\n\t\t\t\t\t\t\t<div class=\"elementor-spacer\">\n\t\t\t<div class=\"elementor-spacer-inner\"><\/div>\n\t\t<\/div>\n\t\t\t\t\t\t<\/div>\n\t\t\t\t<\/div>\n\t\t\t\t<div class=\"elementor-element elementor-element-de7a878 elementor-widget elementor-widget-heading\" data-id=\"de7a878\" data-element_type=\"widget\" data-e-type=\"widget\" data-widget_type=\"heading.default\">\n\t\t\t\t<div class=\"elementor-widget-container\">\n\t\t\t\t\t<h1 class=\"elementor-heading-title elementor-size-default\">Contactez les \u00e9quipes de Mithieux Metal Protect<\/h1>\t\t\t\t<\/div>\n\t\t\t\t<\/div>\n\t\t\t\t<div class=\"elementor-element elementor-element-1e0f424 elementor-view-default elementor-widget elementor-widget-icon\" data-id=\"1e0f424\" data-element_type=\"widget\" data-e-type=\"widget\" data-widget_type=\"icon.default\">\n\t\t\t\t<div class=\"elementor-widget-container\">\n\t\t\t\t\t\t\t<div class=\"elementor-icon-wrapper\">\n\t\t\t<div class=\"elementor-icon\">\n\t\t\t<svg xmlns=\"http:\/\/www.w3.org\/2000\/svg\" width=\"55.638\" height=\"21.464\" viewBox=\"0 0 55.638 21.464\"><g id=\"Groupe_20\" data-name=\"Groupe 20\" transform=\"translate(-931.912 -575.371)\"><g id=\"Groupe_17\" data-name=\"Groupe 17\" transform=\"matrix(0.588, 0.809, -0.809, 0.588, 964.137, 575.371)\"><path id=\"Trac&#xE9;_43\" data-name=\"Trac&#xE9; 43\" d=\"M7.633.187A.325.325,0,0,0,7.369,0a.322.322,0,0,0-.294.132L.062,9.774a.327.327,0,0,0-.025.342L4.884,19.4a.325.325,0,0,0,.261.174h.027a.325.325,0,0,0,.26-.129l6.814-9.021a.326.326,0,0,0,.035-.334Z\" transform=\"translate(0 0)\" fill=\"#51b7c7\"><\/path><\/g><g id=\"Groupe_19\" data-name=\"Groupe 19\" transform=\"matrix(0.588, 0.809, -0.809, 0.588, 980.314, 575.371)\"><path id=\"Trac&#xE9;_43-2\" data-name=\"Trac&#xE9; 43\" d=\"M7.633.187A.325.325,0,0,0,7.369,0a.322.322,0,0,0-.294.132L.062,9.774a.327.327,0,0,0-.025.342L4.884,19.4a.325.325,0,0,0,.261.174h.027a.325.325,0,0,0,.26-.129l6.814-9.021a.326.326,0,0,0,.035-.334Z\" transform=\"translate(0 0)\" fill=\"#51b7c7\"><\/path><\/g><g id=\"Groupe_18\" data-name=\"Groupe 18\" transform=\"matrix(0.588, 0.809, -0.809, 0.588, 947.746, 575.371)\"><path id=\"Trac&#xE9;_43-3\" data-name=\"Trac&#xE9; 43\" d=\"M7.633.187A.325.325,0,0,0,7.369,0a.322.322,0,0,0-.294.132L.062,9.774a.327.327,0,0,0-.025.342L4.884,19.4a.325.325,0,0,0,.261.174h.027a.325.325,0,0,0,.26-.129l6.814-9.021a.326.326,0,0,0,.035-.334Z\" transform=\"translate(0 0)\" fill=\"#51b7c7\"><\/path><\/g><\/g><\/svg>\t\t\t<\/div>\n\t\t<\/div>\n\t\t\t\t\t\t<\/div>\n\t\t\t\t<\/div>\n\t\t\t\t<div class=\"elementor-element elementor-element-7c4f614 elementor-widget elementor-widget-text-editor\" data-id=\"7c4f614\" data-element_type=\"widget\" data-e-type=\"widget\" data-widget_type=\"text-editor.default\">\n\t\t\t\t<div class=\"elementor-widget-container\">\n\t\t\t\t\t\t\t\t\t<p>Par t\u00e9l\u00e9phone ou e-mail, contactez nos \u00e9quipes ou rendez-nous visite \u00e0 Chamb\u00e9ry.<\/p>\t\t\t\t\t\t\t\t<\/div>\n\t\t\t\t<\/div>\n\t\t\t\t<div class=\"elementor-element elementor-element-933ff33 elementor-widget elementor-widget-spacer\" data-id=\"933ff33\" data-element_type=\"widget\" data-e-type=\"widget\" data-widget_type=\"spacer.default\">\n\t\t\t\t<div class=\"elementor-widget-container\">\n\t\t\t\t\t\t\t<div class=\"elementor-spacer\">\n\t\t\t<div class=\"elementor-spacer-inner\"><\/div>\n\t\t<\/div>\n\t\t\t\t\t\t<\/div>\n\t\t\t\t<\/div>\n\t\t\t\t\t<\/div>\n\t\t<\/div>\n\t\t\t\t\t<\/div>\n\t\t<\/section>\n\t\t\t\t<section class=\"elementor-section elementor-top-section elementor-element elementor-element-5bf6cf3 elementor-section-full_width elementor-reverse-mobile elementor-section-height-default elementor-section-height-default\" data-id=\"5bf6cf3\" data-element_type=\"section\" data-e-type=\"section\">\n\t\t\t\t\t\t<div class=\"elementor-container elementor-column-gap-default\">\n\t\t\t\t\t<div class=\"elementor-column elementor-col-50 elementor-top-column elementor-element elementor-element-805224b\" data-id=\"805224b\" data-element_type=\"column\" data-e-type=\"column\" data-settings=\"{&quot;background_background&quot;:&quot;classic&quot;}\">\n\t\t\t<div class=\"elementor-widget-wrap elementor-element-populated\">\n\t\t\t\t\t<div class=\"elementor-background-overlay\"><\/div>\n\t\t\t\t\t\t<div class=\"elementor-element elementor-element-a46f310 elementor-widget elementor-widget-google_maps\" data-id=\"a46f310\" data-element_type=\"widget\" data-e-type=\"widget\" data-widget_type=\"google_maps.default\">\n\t\t\t\t<div class=\"elementor-widget-container\">\n\t\t\t\t\t\t\t<div class=\"elementor-custom-embed\">\n\t\t\t<iframe loading=\"lazy\"\n\t\t\t\t\tsrc=\"https:\/\/maps.google.com\/maps?q=Mithieux%20SAS&#038;t=m&#038;z=10&#038;output=embed&#038;iwloc=near\"\n\t\t\t\t\ttitle=\"Mithieux SAS\"\n\t\t\t\t\taria-label=\"Mithieux SAS\"\n\t\t\t><\/iframe>\n\t\t<\/div>\n\t\t\t\t\t\t<\/div>\n\t\t\t\t<\/div>\n\t\t\t\t\t<\/div>\n\t\t<\/div>\n\t\t\t\t<div class=\"elementor-column elementor-col-50 elementor-top-column elementor-element elementor-element-888963d\" data-id=\"888963d\" data-element_type=\"column\" data-e-type=\"column\">\n\t\t\t<div class=\"elementor-widget-wrap elementor-element-populated\">\n\t\t\t\t\t\t<div class=\"elementor-element elementor-element-f0b33d1 elementor-widget elementor-widget-heading\" data-id=\"f0b33d1\" data-element_type=\"widget\" data-e-type=\"widget\" data-widget_type=\"heading.default\">\n\t\t\t\t<div class=\"elementor-widget-container\">\n\t\t\t\t\t<h2 class=\"elementor-heading-title elementor-size-default\">Formulaire de contact<\/h2>\t\t\t\t<\/div>\n\t\t\t\t<\/div>\n\t\t\t\t<div class=\"elementor-element elementor-element-a8e743f elementor-widget elementor-widget-text-editor\" data-id=\"a8e743f\" data-element_type=\"widget\" data-e-type=\"widget\" data-widget_type=\"text-editor.default\">\n\t\t\t\t<div class=\"elementor-widget-container\">\n\t\t\t\t\t\t\t\t\t<p>Pour contacter l&rsquo;\u00e9quipe de Mithieux Metal Protect, merci d&rsquo;appeler le 04 79 62 28 01 ou d&rsquo;adresser un message via le formulaire ci-dessous.<\/p>\t\t\t\t\t\t\t\t<\/div>\n\t\t\t\t<\/div>\n\t\t\t\t<div class=\"elementor-element elementor-element-ecb5c63 elementor-widget elementor-widget-shortcode\" data-id=\"ecb5c63\" data-element_type=\"widget\" data-e-type=\"widget\" data-widget_type=\"shortcode.default\">\n\t\t\t\t<div class=\"elementor-widget-container\">\n\t\t\t\t\t\t\t<div class=\"elementor-shortcode\"><div class=\"forminator-ui forminator-custom-form forminator-custom-form-566 forminator-design--flat  forminator_ajax\" data-forminator-render=\"0\" data-form=\"forminator-module-566\" data-uid=\"69d60a8230f89\"><br\/><\/div><form\n\t\t\t\tid=\"forminator-module-566\"\n\t\t\t\tclass=\"forminator-ui forminator-custom-form forminator-custom-form-566 forminator-design--flat  forminator_ajax\"\n\t\t\t\tmethod=\"post\"\n\t\t\t\tdata-forminator-render=\"0\"\n\t\t\t\tdata-form-id=\"566\"\n\t\t\t\t data-color-option=\"default\" data-design=\"flat\" data-grid=\"open\" style=\"display: none;\"\n\t\t\t\tdata-uid=\"69d60a8230f89\"\n\t\t\t><div role=\"alert\" aria-live=\"polite\" class=\"forminator-response-message forminator-error\" aria-hidden=\"true\"><\/div><div class=\"forminator-row\"><div id=\"name-1\" class=\"forminator-field-name forminator-col forminator-col-12 \"><div class=\"forminator-row forminator-no-margin\" data-multiple=\"true\"><div class=\"forminator-col forminator-col-md-6\"><div class=\"forminator-field\"><label for=\"forminator-field-first-name-1_69d60a8230f89\" id=\"forminator-field-first-name-1_69d60a8230f89-label\" class=\"forminator-label\">Pr\u00e9nom<\/label><input type=\"text\" name=\"name-1-first-name\" placeholder=\"\" id=\"forminator-field-first-name-1_69d60a8230f89\" class=\"forminator-input\" aria-required=\"false\" data-multi=\"1\" autocomplete=\"given-name\" value=\"\" \/><\/div><\/div><div class=\"forminator-col forminator-col-md-6\"><div class=\"forminator-field\"><label for=\"forminator-field-last-name-1_69d60a8230f89\" id=\"forminator-field-last-name-1_69d60a8230f89-label\" class=\"forminator-label\">Nom de famille<\/label><input type=\"text\" name=\"name-1-last-name\" placeholder=\"\" id=\"forminator-field-last-name-1_69d60a8230f89\" class=\"forminator-input\" aria-required=\"false\" data-multi=\"1\" autocomplete=\"family-name\" value=\"\" \/><\/div><\/div><\/div><\/div><\/div><div class=\"forminator-row\"><div id=\"email-1\" class=\"forminator-field-email forminator-col forminator-col-12 \"><div class=\"forminator-field\"><label for=\"forminator-field-email-1_69d60a8230f89\" id=\"forminator-field-email-1_69d60a8230f89-label\" class=\"forminator-label\">Adresse e-mail <span class=\"forminator-required\">*<\/span><\/label><input type=\"email\" name=\"email-1\" value=\"\" placeholder=\"\" id=\"forminator-field-email-1_69d60a8230f89\" class=\"forminator-input forminator-email--field\" data-required=\"true\" aria-required=\"true\" autocomplete=\"email\" \/><\/div><\/div><\/div><div class=\"forminator-row\"><div id=\"phone-1\" class=\"forminator-field-phone forminator-col forminator-col-12 \"><div class=\"forminator-field\"><label for=\"forminator-field-phone-1_69d60a8230f89\" id=\"forminator-field-phone-1_69d60a8230f89-label\" class=\"forminator-label\">Num\u00e9ro de t\u00e9l\u00e9phone<\/label><input type=\"text\" name=\"phone-1\" value=\"\" placeholder=\"\" id=\"forminator-field-phone-1_69d60a8230f89\" class=\"forminator-input forminator-field--phone\" data-required=\"\" aria-required=\"false\" autocomplete=\"off\" \/><\/div><\/div><\/div><div class=\"forminator-row\"><div id=\"name-2\" class=\"forminator-field-name forminator-col forminator-col-12 \"><div class=\"forminator-field\"><label for=\"forminator-field-name-2_69d60a8230f89\" id=\"forminator-field-name-2_69d60a8230f89-label\" class=\"forminator-label\">Soci\u00e9t\u00e9<\/label><input type=\"text\" name=\"name-2\" value=\"\" placeholder=\"\" id=\"forminator-field-name-2_69d60a8230f89\" class=\"forminator-input forminator-name--field\" aria-required=\"false\" autocomplete=\"name\" \/><\/div><\/div><\/div><div class=\"forminator-row\"><div id=\"textarea-1\" class=\"forminator-field-textarea forminator-col forminator-col-12 \"><div class=\"forminator-field\"><label for=\"forminator-field-textarea-1_69d60a8230f89\" id=\"forminator-field-textarea-1_69d60a8230f89-label\" class=\"forminator-label\">Message<\/label><textarea name=\"textarea-1\" placeholder=\"Saisissez votre message\u2026\" id=\"forminator-field-textarea-1_69d60a8230f89\" class=\"forminator-textarea\" rows=\"6\" style=\"min-height:140px;\" maxlength=\"180\" ><\/textarea><span id=\"forminator-field-textarea-1_69d60a8230f89-description\" class=\"forminator-description\"><span data-limit=\"180\" data-type=\"characters\" data-editor=\"\">0 \/ 180<\/span><\/span><\/div><\/div><\/div><div class=\"forminator-row\" style=\"margin: 0;\"><div id=\"captcha-1\" class=\"forminator-field-captcha  forminator-col-12 \"><div class=\"forminator-captcha-left forminator-g-recaptcha recaptcha-invisible\" data-theme=\"light\" data-badge=\"bottomright\" data-sitekey=\"6LdNRT4cAAAAAHtO2s70ifUflq-zWGMOgtW2z9e8\" data-size=\"invisible\"><\/div> <\/div><\/div><div class=\"forminator-row\"><div id=\"gdprcheckbox-1\" class=\"forminator-field-gdprcheckbox forminator-col forminator-col-12 \"><div class=\"forminator-field\"><label for=\"forminator-field-gdprcheckbox-1_69d60a8230f89\" id=\"forminator-field-gdprcheckbox-1_69d60a8230f89-label\" class=\"forminator-label\">Politique de traitement des donn\u00e9es <span class=\"forminator-required\">*<\/span><\/label><label for=\"forminator-field-gdprcheckbox-1_69d60a8230f89\" class=\"forminator-checkbox\"><input type=\"checkbox\" name=\"gdprcheckbox-1\" value=\"true\" id=\"forminator-field-gdprcheckbox-1_69d60a8230f89\" data-required=\"true\" aria-required=\"true\" \/><span class=\"forminator-checkbox-box\" aria-hidden=\"true\"><\/span><span class=\"forminator-checkbox-label\">Nous serons amen\u00e9s \u00e0 utiliser vos donn\u00e9es pour pouvoir vous recontacter. Pour conna\u00eetre et exercer vos droits, notamment de retrait de votre consentement \u00e0 l\u2019utilisation des donn\u00e9es collect\u00e9es par ce formulaire, veuillez consulter notre politique de confidentialit\u00e9.<\/span><\/label><\/div><\/div><\/div><input type=\"hidden\" name=\"referer_url\" value=\"\" \/><div class=\"forminator-row forminator-row-last\"><div class=\"forminator-col\"><div class=\"forminator-field\"><button class=\"forminator-button forminator-button-submit\">Envoyer le message<\/button><\/div><\/div><\/div><input type=\"hidden\" id=\"forminator_nonce\" name=\"forminator_nonce\" value=\"ee61cc439d\" \/><input type=\"hidden\" name=\"_wp_http_referer\" value=\"\/en\/wp-json\/wp\/v2\/pages\/567\" \/><input type=\"hidden\" name=\"form_id\" value=\"566\"><input type=\"hidden\" name=\"page_id\" value=\"567\"><input type=\"hidden\" name=\"form_type\" value=\"default\"><input type=\"hidden\" name=\"current_url\" value=\"https:\/\/www.mithieux.fr\/en\/contacter-mithieux\/\"><input type=\"hidden\" name=\"render_id\" value=\"0\"><input type=\"hidden\" name=\"action\" value=\"forminator_submit_form_custom-forms\"><\/form><\/div>\n\t\t\t\t\t\t<\/div>\n\t\t\t\t<\/div>\n\t\t\t\t\t<\/div>\n\t\t<\/div>\n\t\t\t\t\t<\/div>\n\t\t<\/section>\n\t\t\t\t<\/div>\n\t\t","protected":false},"excerpt":{"rendered":"<p>Contactez les \u00e9quipes de Mithieux Metal Protect Par t\u00e9l\u00e9phone ou e-mail, contactez nos \u00e9quipes ou rendez-nous visite \u00e0 Chamb\u00e9ry. Formulaire de contact Pour contacter l&rsquo;\u00e9quipe de Mithieux Metal Protect, merci d&rsquo;appeler le 04 79 62 28 01 ou d&rsquo;adresser un message via le formulaire ci-dessous.<\/p>","protected":false},"author":1,"featured_media":0,"parent":0,"menu_order":0,"comment_status":"closed","ping_status":"closed","template":"","meta":{"footnotes":""},"class_list":["post-567","page","type-page","status-publish","hentry"],"yoast_head":"<!-- This site is optimized with the Yoast SEO plugin v27.3 - https:\/\/yoast.com\/product\/yoast-seo-wordpress\/ -->\n<title>Contactez Mithieux Metal Protect, Chamb\u00e9ry, Alpes, France<\/title>\n<meta name=\"description\" content=\"Formulaire de contact et g\u00e9olocalisation de Mithieux Metal Protect, traitement industriel anticorrosion de pi\u00e8ces m\u00e9talliques trait\u00e9 en France, Auvergne Rh\u00f4ne-Alpes, Savoie, Chamb\u00e9ry\" \/>\n<meta name=\"robots\" content=\"index, follow, max-snippet:-1, max-image-preview:large, max-video-preview:-1\" \/>\n<link rel=\"canonical\" href=\"https:\/\/www.mithieux.fr\/en\/contacter-mithieux\/\" \/>\n<meta property=\"og:locale\" content=\"en_GB\" \/>\n<meta property=\"og:type\" content=\"article\" \/>\n<meta property=\"og:title\" content=\"Contactez Mithieux Metal Protect, Chamb\u00e9ry, Alpes, France\" \/>\n<meta property=\"og:description\" content=\"Formulaire de contact et g\u00e9olocalisation de Mithieux Metal Protect, traitement industriel anticorrosion de pi\u00e8ces m\u00e9talliques trait\u00e9 en France, Auvergne Rh\u00f4ne-Alpes, Savoie, Chamb\u00e9ry\" \/>\n<meta property=\"og:url\" content=\"https:\/\/www.mithieux.fr\/en\/contacter-mithieux\/\" \/>\n<meta property=\"og:site_name\" content=\"Mithieux\" \/>\n<meta property=\"article:modified_time\" content=\"2024-07-31T13:31:58+00:00\" \/>\n<meta name=\"twitter:card\" content=\"summary_large_image\" \/>\n<meta name=\"twitter:label1\" content=\"Estimated reading time\" \/>\n\t<meta name=\"twitter:data1\" content=\"1 minute\" \/>\n<script type=\"application\/ld+json\" class=\"yoast-schema-graph\">{\"@context\":\"https:\\\/\\\/schema.org\",\"@graph\":[{\"@type\":\"WebPage\",\"@id\":\"https:\\\/\\\/www.mithieux.fr\\\/contacter-mithieux\\\/\",\"url\":\"https:\\\/\\\/www.mithieux.fr\\\/contacter-mithieux\\\/\",\"name\":\"Contactez Mithieux Metal Protect, Chamb\u00e9ry, Alpes, France\",\"isPartOf\":{\"@id\":\"https:\\\/\\\/www.mithieux.fr\\\/#website\"},\"datePublished\":\"2021-08-28T21:40:37+00:00\",\"dateModified\":\"2024-07-31T13:31:58+00:00\",\"description\":\"Formulaire de contact et g\u00e9olocalisation de Mithieux Metal Protect, traitement industriel anticorrosion de pi\u00e8ces m\u00e9talliques trait\u00e9 en France, Auvergne Rh\u00f4ne-Alpes, Savoie, Chamb\u00e9ry\",\"breadcrumb\":{\"@id\":\"https:\\\/\\\/www.mithieux.fr\\\/contacter-mithieux\\\/#breadcrumb\"},\"inLanguage\":\"en-GB\",\"potentialAction\":[{\"@type\":\"ReadAction\",\"target\":[\"https:\\\/\\\/www.mithieux.fr\\\/contacter-mithieux\\\/\"]}]},{\"@type\":\"BreadcrumbList\",\"@id\":\"https:\\\/\\\/www.mithieux.fr\\\/contacter-mithieux\\\/#breadcrumb\",\"itemListElement\":[{\"@type\":\"ListItem\",\"position\":1,\"name\":\"Accueil\",\"item\":\"https:\\\/\\\/www.mithieux.fr\\\/\"},{\"@type\":\"ListItem\",\"position\":2,\"name\":\"06 &#8211; Contact\"}]},{\"@type\":\"WebSite\",\"@id\":\"https:\\\/\\\/www.mithieux.fr\\\/#website\",\"url\":\"https:\\\/\\\/www.mithieux.fr\\\/\",\"name\":\"Mithieux\",\"description\":\"\",\"publisher\":{\"@id\":\"https:\\\/\\\/www.mithieux.fr\\\/#organization\"},\"potentialAction\":[{\"@type\":\"SearchAction\",\"target\":{\"@type\":\"EntryPoint\",\"urlTemplate\":\"https:\\\/\\\/www.mithieux.fr\\\/?s={search_term_string}\"},\"query-input\":{\"@type\":\"PropertyValueSpecification\",\"valueRequired\":true,\"valueName\":\"search_term_string\"}}],\"inLanguage\":\"en-GB\"},{\"@type\":\"Organization\",\"@id\":\"https:\\\/\\\/www.mithieux.fr\\\/#organization\",\"name\":\"Mithieux\",\"url\":\"https:\\\/\\\/www.mithieux.fr\\\/\",\"logo\":{\"@type\":\"ImageObject\",\"inLanguage\":\"en-GB\",\"@id\":\"https:\\\/\\\/www.mithieux.fr\\\/#\\\/schema\\\/logo\\\/image\\\/\",\"url\":\"https:\\\/\\\/www.mithieux.fr\\\/wp-content\\\/uploads\\\/2021\\\/07\\\/mithieux-fondfonce-simplifie.svg\",\"contentUrl\":\"https:\\\/\\\/www.mithieux.fr\\\/wp-content\\\/uploads\\\/2021\\\/07\\\/mithieux-fondfonce-simplifie.svg\",\"caption\":\"Mithieux\"},\"image\":{\"@id\":\"https:\\\/\\\/www.mithieux.fr\\\/#\\\/schema\\\/logo\\\/image\\\/\"}}]}<\/script>\n<!-- \/ Yoast SEO plugin. -->","yoast_head_json":{"title":"Contactez Mithieux Metal Protect, Chamb\u00e9ry, Alpes, France","description":"Formulaire de contact et g\u00e9olocalisation de Mithieux Metal Protect, traitement industriel anticorrosion de pi\u00e8ces m\u00e9talliques trait\u00e9 en France, Auvergne Rh\u00f4ne-Alpes, Savoie, Chamb\u00e9ry","robots":{"index":"index","follow":"follow","max-snippet":"max-snippet:-1","max-image-preview":"max-image-preview:large","max-video-preview":"max-video-preview:-1"},"canonical":"https:\/\/www.mithieux.fr\/en\/contacter-mithieux\/","og_locale":"en_GB","og_type":"article","og_title":"Contactez Mithieux Metal Protect, Chamb\u00e9ry, Alpes, France","og_description":"Formulaire de contact et g\u00e9olocalisation de Mithieux Metal Protect, traitement industriel anticorrosion de pi\u00e8ces m\u00e9talliques trait\u00e9 en France, Auvergne Rh\u00f4ne-Alpes, Savoie, Chamb\u00e9ry","og_url":"https:\/\/www.mithieux.fr\/en\/contacter-mithieux\/","og_site_name":"Mithieux","article_modified_time":"2024-07-31T13:31:58+00:00","twitter_card":"summary_large_image","twitter_misc":{"Estimated reading time":"1 minute"},"schema":{"@context":"https:\/\/schema.org","@graph":[{"@type":"WebPage","@id":"https:\/\/www.mithieux.fr\/contacter-mithieux\/","url":"https:\/\/www.mithieux.fr\/contacter-mithieux\/","name":"Contactez Mithieux Metal Protect, Chamb\u00e9ry, Alpes, France","isPartOf":{"@id":"https:\/\/www.mithieux.fr\/#website"},"datePublished":"2021-08-28T21:40:37+00:00","dateModified":"2024-07-31T13:31:58+00:00","description":"Formulaire de contact et g\u00e9olocalisation de Mithieux Metal Protect, traitement industriel anticorrosion de pi\u00e8ces m\u00e9talliques trait\u00e9 en France, Auvergne Rh\u00f4ne-Alpes, Savoie, Chamb\u00e9ry","breadcrumb":{"@id":"https:\/\/www.mithieux.fr\/contacter-mithieux\/#breadcrumb"},"inLanguage":"en-GB","potentialAction":[{"@type":"ReadAction","target":["https:\/\/www.mithieux.fr\/contacter-mithieux\/"]}]},{"@type":"BreadcrumbList","@id":"https:\/\/www.mithieux.fr\/contacter-mithieux\/#breadcrumb","itemListElement":[{"@type":"ListItem","position":1,"name":"Accueil","item":"https:\/\/www.mithieux.fr\/"},{"@type":"ListItem","position":2,"name":"06 &#8211; Contact"}]},{"@type":"WebSite","@id":"https:\/\/www.mithieux.fr\/#website","url":"https:\/\/www.mithieux.fr\/","name":"Mithieux","description":"","publisher":{"@id":"https:\/\/www.mithieux.fr\/#organization"},"potentialAction":[{"@type":"SearchAction","target":{"@type":"EntryPoint","urlTemplate":"https:\/\/www.mithieux.fr\/?s={search_term_string}"},"query-input":{"@type":"PropertyValueSpecification","valueRequired":true,"valueName":"search_term_string"}}],"inLanguage":"en-GB"},{"@type":"Organization","@id":"https:\/\/www.mithieux.fr\/#organization","name":"Mithieux","url":"https:\/\/www.mithieux.fr\/","logo":{"@type":"ImageObject","inLanguage":"en-GB","@id":"https:\/\/www.mithieux.fr\/#\/schema\/logo\/image\/","url":"https:\/\/www.mithieux.fr\/wp-content\/uploads\/2021\/07\/mithieux-fondfonce-simplifie.svg","contentUrl":"https:\/\/www.mithieux.fr\/wp-content\/uploads\/2021\/07\/mithieux-fondfonce-simplifie.svg","caption":"Mithieux"},"image":{"@id":"https:\/\/www.mithieux.fr\/#\/schema\/logo\/image\/"}}]}},"_links":{"self":[{"href":"https:\/\/www.mithieux.fr\/en\/wp-json\/wp\/v2\/pages\/567","targetHints":{"allow":["GET"]}}],"collection":[{"href":"https:\/\/www.mithieux.fr\/en\/wp-json\/wp\/v2\/pages"}],"about":[{"href":"https:\/\/www.mithieux.fr\/en\/wp-json\/wp\/v2\/types\/page"}],"author":[{"embeddable":true,"href":"https:\/\/www.mithieux.fr\/en\/wp-json\/wp\/v2\/users\/1"}],"replies":[{"embeddable":true,"href":"https:\/\/www.mithieux.fr\/en\/wp-json\/wp\/v2\/comments?post=567"}],"version-history":[{"count":19,"href":"https:\/\/www.mithieux.fr\/en\/wp-json\/wp\/v2\/pages\/567\/revisions"}],"predecessor-version":[{"id":1816,"href":"https:\/\/www.mithieux.fr\/en\/wp-json\/wp\/v2\/pages\/567\/revisions\/1816"}],"wp:attachment":[{"href":"https:\/\/www.mithieux.fr\/en\/wp-json\/wp\/v2\/media?parent=567"}],"curies":[{"name":"wp","href":"https:\/\/api.w.org\/{rel}","templated":true}]}}