{"id":792,"date":"2021-09-01T21:13:02","date_gmt":"2021-09-01T19:13:02","guid":{"rendered":"http:\/\/enlcmdy.cluster031.hosting.ovh.net\/?page_id=792"},"modified":"2024-07-31T15:29:02","modified_gmt":"2024-07-31T13:29:02","slug":"finition-anticorrosion-degazage","status":"publish","type":"page","link":"https:\/\/www.mithieux.fr\/en\/finition-anticorrosion-degazage\/","title":{"rendered":"02.2.2 &#8211; Finitions d\u00e9gazage"},"content":{"rendered":"\t\t<div data-elementor-type=\"wp-page\" data-elementor-id=\"792\" class=\"elementor elementor-792\" data-elementor-post-type=\"page\">\n\t\t\t\t\t\t<section class=\"elementor-section elementor-top-section elementor-element elementor-element-79e1657 elementor-section-full_width elementor-section-height-min-height elementor-section-height-default elementor-section-items-middle\" data-id=\"79e1657\" data-element_type=\"section\" data-e-type=\"section\" data-settings=\"{&quot;background_background&quot;:&quot;classic&quot;,&quot;background_motion_fx_motion_fx_scrolling&quot;:&quot;yes&quot;,&quot;background_motion_fx_translateY_effect&quot;:&quot;yes&quot;,&quot;background_motion_fx_translateY_speed&quot;:{&quot;unit&quot;:&quot;px&quot;,&quot;size&quot;:4,&quot;sizes&quot;:[]},&quot;background_motion_fx_translateY_affectedRange&quot;:{&quot;unit&quot;:&quot;%&quot;,&quot;size&quot;:&quot;&quot;,&quot;sizes&quot;:{&quot;start&quot;:0,&quot;end&quot;:100}},&quot;background_motion_fx_devices&quot;:[&quot;desktop&quot;,&quot;tablet&quot;,&quot;mobile&quot;]}\">\n\t\t\t\t\t\t\t<div class=\"elementor-background-overlay\"><\/div>\n\t\t\t\t\t\t\t<div class=\"elementor-container elementor-column-gap-default\">\n\t\t\t\t\t<div class=\"elementor-column elementor-col-100 elementor-top-column elementor-element elementor-element-152f721\" data-id=\"152f721\" data-element_type=\"column\" data-e-type=\"column\">\n\t\t\t<div class=\"elementor-widget-wrap elementor-element-populated\">\n\t\t\t\t\t\t<div class=\"elementor-element elementor-element-5e73c40 elementor-widget elementor-widget-spacer\" data-id=\"5e73c40\" data-element_type=\"widget\" data-e-type=\"widget\" data-widget_type=\"spacer.default\">\n\t\t\t\t<div class=\"elementor-widget-container\">\n\t\t\t\t\t\t\t<div class=\"elementor-spacer\">\n\t\t\t<div class=\"elementor-spacer-inner\"><\/div>\n\t\t<\/div>\n\t\t\t\t\t\t<\/div>\n\t\t\t\t<\/div>\n\t\t\t\t<div class=\"elementor-element elementor-element-3801230 elementor-widget elementor-widget-heading\" data-id=\"3801230\" data-element_type=\"widget\" data-e-type=\"widget\" data-widget_type=\"heading.default\">\n\t\t\t\t<div class=\"elementor-widget-container\">\n\t\t\t\t\t<p class=\"elementor-heading-title elementor-size-default\">Les finitions <\/p>\t\t\t\t<\/div>\n\t\t\t\t<\/div>\n\t\t\t\t<div class=\"elementor-element elementor-element-de7a878 elementor-widget elementor-widget-heading\" data-id=\"de7a878\" data-element_type=\"widget\" data-e-type=\"widget\" data-widget_type=\"heading.default\">\n\t\t\t\t<div class=\"elementor-widget-container\">\n\t\t\t\t\t<h1 class=\"elementor-heading-title elementor-size-default\">La finition d\u00e9gazage<\/h1>\t\t\t\t<\/div>\n\t\t\t\t<\/div>\n\t\t\t\t<div class=\"elementor-element elementor-element-1e0f424 elementor-view-default elementor-widget elementor-widget-icon\" data-id=\"1e0f424\" data-element_type=\"widget\" data-e-type=\"widget\" data-widget_type=\"icon.default\">\n\t\t\t\t<div class=\"elementor-widget-container\">\n\t\t\t\t\t\t\t<div class=\"elementor-icon-wrapper\">\n\t\t\t<div class=\"elementor-icon\">\n\t\t\t<svg xmlns=\"http:\/\/www.w3.org\/2000\/svg\" width=\"55.638\" height=\"21.464\" viewBox=\"0 0 55.638 21.464\"><g id=\"Groupe_20\" data-name=\"Groupe 20\" transform=\"translate(-931.912 -575.371)\"><g id=\"Groupe_17\" data-name=\"Groupe 17\" transform=\"matrix(0.588, 0.809, -0.809, 0.588, 964.137, 575.371)\"><path id=\"Trac&#xE9;_43\" data-name=\"Trac&#xE9; 43\" d=\"M7.633.187A.325.325,0,0,0,7.369,0a.322.322,0,0,0-.294.132L.062,9.774a.327.327,0,0,0-.025.342L4.884,19.4a.325.325,0,0,0,.261.174h.027a.325.325,0,0,0,.26-.129l6.814-9.021a.326.326,0,0,0,.035-.334Z\" transform=\"translate(0 0)\" fill=\"#51b7c7\"><\/path><\/g><g id=\"Groupe_19\" data-name=\"Groupe 19\" transform=\"matrix(0.588, 0.809, -0.809, 0.588, 980.314, 575.371)\"><path id=\"Trac&#xE9;_43-2\" data-name=\"Trac&#xE9; 43\" d=\"M7.633.187A.325.325,0,0,0,7.369,0a.322.322,0,0,0-.294.132L.062,9.774a.327.327,0,0,0-.025.342L4.884,19.4a.325.325,0,0,0,.261.174h.027a.325.325,0,0,0,.26-.129l6.814-9.021a.326.326,0,0,0,.035-.334Z\" transform=\"translate(0 0)\" fill=\"#51b7c7\"><\/path><\/g><g id=\"Groupe_18\" data-name=\"Groupe 18\" transform=\"matrix(0.588, 0.809, -0.809, 0.588, 947.746, 575.371)\"><path id=\"Trac&#xE9;_43-3\" data-name=\"Trac&#xE9; 43\" d=\"M7.633.187A.325.325,0,0,0,7.369,0a.322.322,0,0,0-.294.132L.062,9.774a.327.327,0,0,0-.025.342L4.884,19.4a.325.325,0,0,0,.261.174h.027a.325.325,0,0,0,.26-.129l6.814-9.021a.326.326,0,0,0,.035-.334Z\" transform=\"translate(0 0)\" fill=\"#51b7c7\"><\/path><\/g><\/g><\/svg>\t\t\t<\/div>\n\t\t<\/div>\n\t\t\t\t\t\t<\/div>\n\t\t\t\t<\/div>\n\t\t\t\t<div class=\"elementor-element elementor-element-933ff33 elementor-widget elementor-widget-spacer\" data-id=\"933ff33\" data-element_type=\"widget\" data-e-type=\"widget\" data-widget_type=\"spacer.default\">\n\t\t\t\t<div class=\"elementor-widget-container\">\n\t\t\t\t\t\t\t<div class=\"elementor-spacer\">\n\t\t\t<div class=\"elementor-spacer-inner\"><\/div>\n\t\t<\/div>\n\t\t\t\t\t\t<\/div>\n\t\t\t\t<\/div>\n\t\t\t\t\t<\/div>\n\t\t<\/div>\n\t\t\t\t\t<\/div>\n\t\t<\/section>\n\t\t\t\t<section class=\"elementor-section elementor-top-section elementor-element elementor-element-5bf6cf3 elementor-section-full_width elementor-reverse-mobile elementor-section-height-default elementor-section-height-default\" data-id=\"5bf6cf3\" data-element_type=\"section\" data-e-type=\"section\">\n\t\t\t\t\t\t<div class=\"elementor-container elementor-column-gap-default\">\n\t\t\t\t\t<div class=\"elementor-column elementor-col-50 elementor-top-column elementor-element elementor-element-805224b\" data-id=\"805224b\" data-element_type=\"column\" data-e-type=\"column\" data-settings=\"{&quot;background_background&quot;:&quot;classic&quot;}\">\n\t\t\t<div class=\"elementor-widget-wrap elementor-element-populated\">\n\t\t\t\t\t<div class=\"elementor-background-overlay\"><\/div>\n\t\t\t\t\t\t<div class=\"elementor-element elementor-element-5879097 elementor-widget elementor-widget-image\" data-id=\"5879097\" data-element_type=\"widget\" data-e-type=\"widget\" data-widget_type=\"image.default\">\n\t\t\t\t<div class=\"elementor-widget-container\">\n\t\t\t\t\t\t\t\t\t\t\t\t\t\t\t<img fetchpriority=\"high\" decoding=\"async\" width=\"800\" height=\"600\" src=\"https:\/\/www.mithieux.fr\/wp-content\/uploads\/2024\/07\/mithieux-traitement-anticorrosion-800px-59.webp\" class=\"attachment-large size-large wp-image-1750\" alt=\"mithieux-traitement-anticorrosion \u00e9tain zinc\" srcset=\"https:\/\/www.mithieux.fr\/wp-content\/uploads\/2024\/07\/mithieux-traitement-anticorrosion-800px-59.webp 800w, https:\/\/www.mithieux.fr\/wp-content\/uploads\/2024\/07\/mithieux-traitement-anticorrosion-800px-59-300x225.webp 300w, https:\/\/www.mithieux.fr\/wp-content\/uploads\/2024\/07\/mithieux-traitement-anticorrosion-800px-59-768x576.webp 768w, https:\/\/www.mithieux.fr\/wp-content\/uploads\/2024\/07\/mithieux-traitement-anticorrosion-800px-59-16x12.webp 16w\" sizes=\"(max-width: 800px) 100vw, 800px\" \/>\t\t\t\t\t\t\t\t\t\t\t\t\t\t\t<\/div>\n\t\t\t\t<\/div>\n\t\t\t\t\t<\/div>\n\t\t<\/div>\n\t\t\t\t<div class=\"elementor-column elementor-col-50 elementor-top-column elementor-element elementor-element-888963d\" data-id=\"888963d\" data-element_type=\"column\" data-e-type=\"column\">\n\t\t\t<div class=\"elementor-widget-wrap elementor-element-populated\">\n\t\t\t\t\t\t<div class=\"elementor-element elementor-element-85697f9 elementor-widget elementor-widget-text-editor\" data-id=\"85697f9\" data-element_type=\"widget\" data-e-type=\"widget\" data-widget_type=\"text-editor.default\">\n\t\t\t\t<div class=\"elementor-widget-container\">\n\t\t\t\t\t\t\t\t\t<p><strong>Le d\u00e9gazage est une action de d\u00e9shydrog\u00e9nation d\u2019une pi\u00e8ce pouvant \u00eatre fragilis\u00e9e par l\u2019hydrog\u00e8ne.<\/strong><\/p><p>Cette op\u00e9ration est r\u00e9alis\u00e9e apr\u00e8s un traitement par voie \u00e9lectrolytique sur des pi\u00e8ces en acier \u00e0 fortes caract\u00e9ristiques m\u00e9caniques .<\/p><p>Le d\u00e9gazage est r\u00e9alis\u00e9 en \u00e9tuve \u00e0 une temp\u00e9rature et sur une dur\u00e9e d\u00e9termin\u00e9e par la classe de l\u2019acier, sa r\u00e9sistance, sa mati\u00e8re et\/ou le cahier des charges qui l\u2019accompagne.<\/p><p>La pr\u00e9sence d\u2019hydrog\u00e8ne dans la pi\u00e8ce peut conduire \u00e0 une rupture, souvent brutale, connue sous le terme \u00ab fragilisation par hydrog\u00e8ne \u00bb. Le risque est av\u00e9r\u00e9 pour des composants \u00e0 fortes caract\u00e9ristiques m\u00e9caniques. L\u2019hydrog\u00e8ne peut \u00eatre introduit lors de la r\u00e9alisation des d\u00e9p\u00f4ts de zinc et de zinc nickel \u00e9lectrolytiques, mais \u00e9galement lors des phases de pr\u00e9paration de surface.<\/p><p>Le traitement de d\u00e9gazage permet de r\u00e9duire a minima les risques de fragilisations par l\u2019hydrog\u00e8ne, en \u00e9liminant l\u2019hydrog\u00e8ne occlus.<\/p>\t\t\t\t\t\t\t\t<\/div>\n\t\t\t\t<\/div>\n\t\t\t\t\t<\/div>\n\t\t<\/div>\n\t\t\t\t\t<\/div>\n\t\t<\/section>\n\t\t\t\t<section class=\"elementor-section elementor-top-section elementor-element elementor-element-29cc4e2 elementor-section-full_width elementor-section-height-default elementor-section-height-default\" data-id=\"29cc4e2\" data-element_type=\"section\" data-e-type=\"section\">\n\t\t\t\t\t\t<div class=\"elementor-container elementor-column-gap-default\">\n\t\t\t\t\t<div class=\"elementor-column elementor-col-33 elementor-top-column elementor-element elementor-element-be50b91\" data-id=\"be50b91\" data-element_type=\"column\" data-e-type=\"column\">\n\t\t\t<div class=\"elementor-widget-wrap elementor-element-populated\">\n\t\t\t\t\t\t<div class=\"elementor-element elementor-element-04d02cc elementor-widget elementor-widget-heading\" data-id=\"04d02cc\" data-element_type=\"widget\" data-e-type=\"widget\" data-widget_type=\"heading.default\">\n\t\t\t\t<div class=\"elementor-widget-container\">\n\t\t\t\t\t<h2 class=\"elementor-heading-title elementor-size-default\">Caract\u00e9ristiques<\/h2>\t\t\t\t<\/div>\n\t\t\t\t<\/div>\n\t\t\t\t<div class=\"elementor-element elementor-element-c18c02d elementor-widget elementor-widget-text-editor\" data-id=\"c18c02d\" data-element_type=\"widget\" data-e-type=\"widget\" data-widget_type=\"text-editor.default\">\n\t\t\t\t<div class=\"elementor-widget-container\">\n\t\t\t\t\t\t\t\t\t<ul><li>R\u00e9duction des risques de fragilisation par l&rsquo;hydrog\u00e8ne<\/li><li>D\u00e9shydrog\u00e9nation par voie \u00e9lectrolytique<\/li><\/ul>\t\t\t\t\t\t\t\t<\/div>\n\t\t\t\t<\/div>\n\t\t\t\t\t<\/div>\n\t\t<\/div>\n\t\t\t\t<div class=\"elementor-column elementor-col-33 elementor-top-column elementor-element elementor-element-e36f80c\" data-id=\"e36f80c\" data-element_type=\"column\" data-e-type=\"column\">\n\t\t\t<div class=\"elementor-widget-wrap elementor-element-populated\">\n\t\t\t\t\t\t<div class=\"elementor-element elementor-element-bd9f552 elementor-widget elementor-widget-heading\" data-id=\"bd9f552\" data-element_type=\"widget\" data-e-type=\"widget\" data-widget_type=\"heading.default\">\n\t\t\t\t<div class=\"elementor-widget-container\">\n\t\t\t\t\t<h2 class=\"elementor-heading-title elementor-size-default\">Applications<\/h2>\t\t\t\t<\/div>\n\t\t\t\t<\/div>\n\t\t\t\t<div class=\"elementor-element elementor-element-4030508 elementor-widget elementor-widget-text-editor\" data-id=\"4030508\" data-element_type=\"widget\" data-e-type=\"widget\" data-widget_type=\"text-editor.default\">\n\t\t\t\t<div class=\"elementor-widget-container\">\n\t\t\t\t\t\t\t\t\t<ul><li>Automobile<\/li><li>Construction m\u00e9canique<\/li><li>Electrique<\/li><li>Machines-outils<\/li><li>&#8230;<\/li><\/ul>\t\t\t\t\t\t\t\t<\/div>\n\t\t\t\t<\/div>\n\t\t\t\t\t<\/div>\n\t\t<\/div>\n\t\t\t\t<div class=\"elementor-column elementor-col-33 elementor-top-column elementor-element elementor-element-f1293f9\" data-id=\"f1293f9\" data-element_type=\"column\" data-e-type=\"column\">\n\t\t\t<div class=\"elementor-widget-wrap elementor-element-populated\">\n\t\t\t\t\t\t<div class=\"elementor-element elementor-element-884984a elementor-widget elementor-widget-heading\" data-id=\"884984a\" data-element_type=\"widget\" data-e-type=\"widget\" data-widget_type=\"heading.default\">\n\t\t\t\t<div class=\"elementor-widget-container\">\n\t\t\t\t\t<h2 class=\"elementor-heading-title elementor-size-default\">Equipement<\/h2>\t\t\t\t<\/div>\n\t\t\t\t<\/div>\n\t\t\t\t<div class=\"elementor-element elementor-element-bfd849e elementor-widget elementor-widget-text-editor\" data-id=\"bfd849e\" data-element_type=\"widget\" data-e-type=\"widget\" data-widget_type=\"text-editor.default\">\n\t\t\t\t<div class=\"elementor-widget-container\">\n\t\t\t\t\t\t\t\t\t<ul><li><p>3 \u00e9tuves de d\u00e9gazage de derni\u00e8re g\u00e9n\u00e9ration de forte capacit\u00e9, avec tra\u00e7abilit\u00e9 informatis\u00e9e<\/p><\/li><li><p>Fonctionnement de nos chaines de production 7\/7 et 24\/24<\/p><\/li><\/ul>\t\t\t\t\t\t\t\t<\/div>\n\t\t\t\t<\/div>\n\t\t\t\t\t<\/div>\n\t\t<\/div>\n\t\t\t\t\t<\/div>\n\t\t<\/section>\n\t\t\t\t<\/div>\n\t\t","protected":false},"excerpt":{"rendered":"<p>Les finitions La finition d\u00e9gazage Le d\u00e9gazage est une action de d\u00e9shydrog\u00e9nation d\u2019une pi\u00e8ce pouvant \u00eatre fragilis\u00e9e par l\u2019hydrog\u00e8ne. Cette op\u00e9ration est r\u00e9alis\u00e9e apr\u00e8s un traitement par voie \u00e9lectrolytique sur des pi\u00e8ces en acier \u00e0 fortes caract\u00e9ristiques m\u00e9caniques . Le d\u00e9gazage est r\u00e9alis\u00e9 en \u00e9tuve \u00e0 une temp\u00e9rature et sur une dur\u00e9e d\u00e9termin\u00e9e par la [&hellip;]<\/p>\n","protected":false},"author":1,"featured_media":0,"parent":0,"menu_order":0,"comment_status":"closed","ping_status":"closed","template":"","meta":{"footnotes":""},"class_list":["post-792","page","type-page","status-publish","hentry"],"yoast_head":"<!-- This site is optimized with the Yoast SEO plugin v27.4 - https:\/\/yoast.com\/product\/yoast-seo-wordpress\/ -->\n<title>D\u00e9gazage des composants m\u00e9caniques industriels Mithieux Metal Protect<\/title>\n<meta name=\"description\" content=\"Le traitement dans les \u00e9tuves de d\u00e9gazage de forte capacit\u00e9 r\u00e9duit la fragilit\u00e9 par hydrog\u00e8ne des composants \u00e0 fortes caract\u00e9ristiques m\u00e9caniques. Tra\u00e7abilit\u00e9 industriais\u00e9e Mithieux Metal Protect\" \/>\n<meta name=\"robots\" content=\"index, follow, max-snippet:-1, max-image-preview:large, max-video-preview:-1\" \/>\n<link rel=\"canonical\" href=\"https:\/\/www.mithieux.fr\/en\/finition-anticorrosion-degazage\/\" \/>\n<meta property=\"og:locale\" content=\"en_GB\" \/>\n<meta property=\"og:type\" content=\"article\" \/>\n<meta property=\"og:title\" content=\"D\u00e9gazage des composants m\u00e9caniques industriels Mithieux Metal Protect\" \/>\n<meta property=\"og:description\" content=\"Le traitement dans les \u00e9tuves de d\u00e9gazage de forte capacit\u00e9 r\u00e9duit la fragilit\u00e9 par hydrog\u00e8ne des composants \u00e0 fortes caract\u00e9ristiques m\u00e9caniques. Tra\u00e7abilit\u00e9 industriais\u00e9e Mithieux Metal Protect\" \/>\n<meta property=\"og:url\" content=\"https:\/\/www.mithieux.fr\/en\/finition-anticorrosion-degazage\/\" \/>\n<meta property=\"og:site_name\" content=\"Mithieux\" \/>\n<meta property=\"article:modified_time\" content=\"2024-07-31T13:29:02+00:00\" \/>\n<meta property=\"og:image\" content=\"https:\/\/www.mithieux.fr\/wp-content\/uploads\/2024\/07\/mithieux-traitement-anticorrosion-800px-59.webp\" \/>\n<meta name=\"twitter:card\" content=\"summary_large_image\" \/>\n<meta name=\"twitter:label1\" content=\"Estimated reading time\" \/>\n\t<meta name=\"twitter:data1\" content=\"2 minutes\" \/>\n<script type=\"application\/ld+json\" class=\"yoast-schema-graph\">{\"@context\":\"https:\\\/\\\/schema.org\",\"@graph\":[{\"@type\":\"WebPage\",\"@id\":\"https:\\\/\\\/www.mithieux.fr\\\/finition-anticorrosion-degazage\\\/\",\"url\":\"https:\\\/\\\/www.mithieux.fr\\\/finition-anticorrosion-degazage\\\/\",\"name\":\"D\u00e9gazage des composants m\u00e9caniques industriels Mithieux Metal Protect\",\"isPartOf\":{\"@id\":\"https:\\\/\\\/www.mithieux.fr\\\/#website\"},\"primaryImageOfPage\":{\"@id\":\"https:\\\/\\\/www.mithieux.fr\\\/finition-anticorrosion-degazage\\\/#primaryimage\"},\"image\":{\"@id\":\"https:\\\/\\\/www.mithieux.fr\\\/finition-anticorrosion-degazage\\\/#primaryimage\"},\"thumbnailUrl\":\"https:\\\/\\\/www.mithieux.fr\\\/wp-content\\\/uploads\\\/2024\\\/07\\\/mithieux-traitement-anticorrosion-800px-59.webp\",\"datePublished\":\"2021-09-01T19:13:02+00:00\",\"dateModified\":\"2024-07-31T13:29:02+00:00\",\"description\":\"Le traitement dans les \u00e9tuves de d\u00e9gazage de forte capacit\u00e9 r\u00e9duit la fragilit\u00e9 par hydrog\u00e8ne des composants \u00e0 fortes caract\u00e9ristiques m\u00e9caniques. Tra\u00e7abilit\u00e9 industriais\u00e9e Mithieux Metal Protect\",\"breadcrumb\":{\"@id\":\"https:\\\/\\\/www.mithieux.fr\\\/finition-anticorrosion-degazage\\\/#breadcrumb\"},\"inLanguage\":\"en-GB\",\"potentialAction\":[{\"@type\":\"ReadAction\",\"target\":[\"https:\\\/\\\/www.mithieux.fr\\\/finition-anticorrosion-degazage\\\/\"]}]},{\"@type\":\"ImageObject\",\"inLanguage\":\"en-GB\",\"@id\":\"https:\\\/\\\/www.mithieux.fr\\\/finition-anticorrosion-degazage\\\/#primaryimage\",\"url\":\"https:\\\/\\\/www.mithieux.fr\\\/wp-content\\\/uploads\\\/2024\\\/07\\\/mithieux-traitement-anticorrosion-800px-59.webp\",\"contentUrl\":\"https:\\\/\\\/www.mithieux.fr\\\/wp-content\\\/uploads\\\/2024\\\/07\\\/mithieux-traitement-anticorrosion-800px-59.webp\"},{\"@type\":\"BreadcrumbList\",\"@id\":\"https:\\\/\\\/www.mithieux.fr\\\/finition-anticorrosion-degazage\\\/#breadcrumb\",\"itemListElement\":[{\"@type\":\"ListItem\",\"position\":1,\"name\":\"Accueil\",\"item\":\"https:\\\/\\\/www.mithieux.fr\\\/\"},{\"@type\":\"ListItem\",\"position\":2,\"name\":\"02.2.2 &#8211; Finitions d\u00e9gazage\"}]},{\"@type\":\"WebSite\",\"@id\":\"https:\\\/\\\/www.mithieux.fr\\\/#website\",\"url\":\"https:\\\/\\\/www.mithieux.fr\\\/\",\"name\":\"Mithieux\",\"description\":\"\",\"publisher\":{\"@id\":\"https:\\\/\\\/www.mithieux.fr\\\/#organization\"},\"potentialAction\":[{\"@type\":\"SearchAction\",\"target\":{\"@type\":\"EntryPoint\",\"urlTemplate\":\"https:\\\/\\\/www.mithieux.fr\\\/?s={search_term_string}\"},\"query-input\":{\"@type\":\"PropertyValueSpecification\",\"valueRequired\":true,\"valueName\":\"search_term_string\"}}],\"inLanguage\":\"en-GB\"},{\"@type\":\"Organization\",\"@id\":\"https:\\\/\\\/www.mithieux.fr\\\/#organization\",\"name\":\"Mithieux\",\"url\":\"https:\\\/\\\/www.mithieux.fr\\\/\",\"logo\":{\"@type\":\"ImageObject\",\"inLanguage\":\"en-GB\",\"@id\":\"https:\\\/\\\/www.mithieux.fr\\\/#\\\/schema\\\/logo\\\/image\\\/\",\"url\":\"https:\\\/\\\/www.mithieux.fr\\\/wp-content\\\/uploads\\\/2021\\\/07\\\/mithieux-fondfonce-simplifie.svg\",\"contentUrl\":\"https:\\\/\\\/www.mithieux.fr\\\/wp-content\\\/uploads\\\/2021\\\/07\\\/mithieux-fondfonce-simplifie.svg\",\"caption\":\"Mithieux\"},\"image\":{\"@id\":\"https:\\\/\\\/www.mithieux.fr\\\/#\\\/schema\\\/logo\\\/image\\\/\"}}]}<\/script>\n<!-- \/ Yoast SEO plugin. -->","yoast_head_json":{"title":"D\u00e9gazage des composants m\u00e9caniques industriels Mithieux Metal Protect","description":"Le traitement dans les \u00e9tuves de d\u00e9gazage de forte capacit\u00e9 r\u00e9duit la fragilit\u00e9 par hydrog\u00e8ne des composants \u00e0 fortes caract\u00e9ristiques m\u00e9caniques. Tra\u00e7abilit\u00e9 industriais\u00e9e Mithieux Metal Protect","robots":{"index":"index","follow":"follow","max-snippet":"max-snippet:-1","max-image-preview":"max-image-preview:large","max-video-preview":"max-video-preview:-1"},"canonical":"https:\/\/www.mithieux.fr\/en\/finition-anticorrosion-degazage\/","og_locale":"en_GB","og_type":"article","og_title":"D\u00e9gazage des composants m\u00e9caniques industriels Mithieux Metal Protect","og_description":"Le traitement dans les \u00e9tuves de d\u00e9gazage de forte capacit\u00e9 r\u00e9duit la fragilit\u00e9 par hydrog\u00e8ne des composants \u00e0 fortes caract\u00e9ristiques m\u00e9caniques. Tra\u00e7abilit\u00e9 industriais\u00e9e Mithieux Metal Protect","og_url":"https:\/\/www.mithieux.fr\/en\/finition-anticorrosion-degazage\/","og_site_name":"Mithieux","article_modified_time":"2024-07-31T13:29:02+00:00","og_image":[{"url":"https:\/\/www.mithieux.fr\/wp-content\/uploads\/2024\/07\/mithieux-traitement-anticorrosion-800px-59.webp","type":"","width":"","height":""}],"twitter_card":"summary_large_image","twitter_misc":{"Estimated reading time":"2 minutes"},"schema":{"@context":"https:\/\/schema.org","@graph":[{"@type":"WebPage","@id":"https:\/\/www.mithieux.fr\/finition-anticorrosion-degazage\/","url":"https:\/\/www.mithieux.fr\/finition-anticorrosion-degazage\/","name":"D\u00e9gazage des composants m\u00e9caniques industriels Mithieux Metal Protect","isPartOf":{"@id":"https:\/\/www.mithieux.fr\/#website"},"primaryImageOfPage":{"@id":"https:\/\/www.mithieux.fr\/finition-anticorrosion-degazage\/#primaryimage"},"image":{"@id":"https:\/\/www.mithieux.fr\/finition-anticorrosion-degazage\/#primaryimage"},"thumbnailUrl":"https:\/\/www.mithieux.fr\/wp-content\/uploads\/2024\/07\/mithieux-traitement-anticorrosion-800px-59.webp","datePublished":"2021-09-01T19:13:02+00:00","dateModified":"2024-07-31T13:29:02+00:00","description":"Le traitement dans les \u00e9tuves de d\u00e9gazage de forte capacit\u00e9 r\u00e9duit la fragilit\u00e9 par hydrog\u00e8ne des composants \u00e0 fortes caract\u00e9ristiques m\u00e9caniques. Tra\u00e7abilit\u00e9 industriais\u00e9e Mithieux Metal Protect","breadcrumb":{"@id":"https:\/\/www.mithieux.fr\/finition-anticorrosion-degazage\/#breadcrumb"},"inLanguage":"en-GB","potentialAction":[{"@type":"ReadAction","target":["https:\/\/www.mithieux.fr\/finition-anticorrosion-degazage\/"]}]},{"@type":"ImageObject","inLanguage":"en-GB","@id":"https:\/\/www.mithieux.fr\/finition-anticorrosion-degazage\/#primaryimage","url":"https:\/\/www.mithieux.fr\/wp-content\/uploads\/2024\/07\/mithieux-traitement-anticorrosion-800px-59.webp","contentUrl":"https:\/\/www.mithieux.fr\/wp-content\/uploads\/2024\/07\/mithieux-traitement-anticorrosion-800px-59.webp"},{"@type":"BreadcrumbList","@id":"https:\/\/www.mithieux.fr\/finition-anticorrosion-degazage\/#breadcrumb","itemListElement":[{"@type":"ListItem","position":1,"name":"Accueil","item":"https:\/\/www.mithieux.fr\/"},{"@type":"ListItem","position":2,"name":"02.2.2 &#8211; Finitions d\u00e9gazage"}]},{"@type":"WebSite","@id":"https:\/\/www.mithieux.fr\/#website","url":"https:\/\/www.mithieux.fr\/","name":"Mithieux","description":"","publisher":{"@id":"https:\/\/www.mithieux.fr\/#organization"},"potentialAction":[{"@type":"SearchAction","target":{"@type":"EntryPoint","urlTemplate":"https:\/\/www.mithieux.fr\/?s={search_term_string}"},"query-input":{"@type":"PropertyValueSpecification","valueRequired":true,"valueName":"search_term_string"}}],"inLanguage":"en-GB"},{"@type":"Organization","@id":"https:\/\/www.mithieux.fr\/#organization","name":"Mithieux","url":"https:\/\/www.mithieux.fr\/","logo":{"@type":"ImageObject","inLanguage":"en-GB","@id":"https:\/\/www.mithieux.fr\/#\/schema\/logo\/image\/","url":"https:\/\/www.mithieux.fr\/wp-content\/uploads\/2021\/07\/mithieux-fondfonce-simplifie.svg","contentUrl":"https:\/\/www.mithieux.fr\/wp-content\/uploads\/2021\/07\/mithieux-fondfonce-simplifie.svg","caption":"Mithieux"},"image":{"@id":"https:\/\/www.mithieux.fr\/#\/schema\/logo\/image\/"}}]}},"_links":{"self":[{"href":"https:\/\/www.mithieux.fr\/en\/wp-json\/wp\/v2\/pages\/792","targetHints":{"allow":["GET"]}}],"collection":[{"href":"https:\/\/www.mithieux.fr\/en\/wp-json\/wp\/v2\/pages"}],"about":[{"href":"https:\/\/www.mithieux.fr\/en\/wp-json\/wp\/v2\/types\/page"}],"author":[{"embeddable":true,"href":"https:\/\/www.mithieux.fr\/en\/wp-json\/wp\/v2\/users\/1"}],"replies":[{"embeddable":true,"href":"https:\/\/www.mithieux.fr\/en\/wp-json\/wp\/v2\/comments?post=792"}],"version-history":[{"count":19,"href":"https:\/\/www.mithieux.fr\/en\/wp-json\/wp\/v2\/pages\/792\/revisions"}],"predecessor-version":[{"id":1808,"href":"https:\/\/www.mithieux.fr\/en\/wp-json\/wp\/v2\/pages\/792\/revisions\/1808"}],"wp:attachment":[{"href":"https:\/\/www.mithieux.fr\/en\/wp-json\/wp\/v2\/media?parent=792"}],"curies":[{"name":"wp","href":"https:\/\/api.w.org\/{rel}","templated":true}]}}