{"id":856,"date":"2021-09-01T22:48:14","date_gmt":"2021-09-01T20:48:14","guid":{"rendered":"http:\/\/enlcmdy.cluster031.hosting.ovh.net\/?page_id=856"},"modified":"2024-07-31T15:33:57","modified_gmt":"2024-07-31T13:33:57","slug":"mentions-legales","status":"publish","type":"page","link":"https:\/\/www.mithieux.fr\/en\/mentions-legales\/","title":{"rendered":"Legals"},"content":{"rendered":"\t\t<div data-elementor-type=\"wp-page\" data-elementor-id=\"856\" class=\"elementor elementor-856\" data-elementor-post-type=\"page\">\n\t\t\t\t\t\t<section class=\"elementor-section elementor-top-section elementor-element elementor-element-79e1657 elementor-section-full_width elementor-section-height-min-height elementor-section-height-default elementor-section-items-middle\" data-id=\"79e1657\" data-element_type=\"section\" data-e-type=\"section\" data-settings=\"{&quot;background_background&quot;:&quot;classic&quot;,&quot;background_motion_fx_motion_fx_scrolling&quot;:&quot;yes&quot;,&quot;background_motion_fx_translateY_effect&quot;:&quot;yes&quot;,&quot;background_motion_fx_translateY_direction&quot;:&quot;negative&quot;,&quot;background_motion_fx_translateY_speed&quot;:{&quot;unit&quot;:&quot;px&quot;,&quot;size&quot;:4,&quot;sizes&quot;:[]},&quot;background_motion_fx_translateY_affectedRange&quot;:{&quot;unit&quot;:&quot;%&quot;,&quot;size&quot;:&quot;&quot;,&quot;sizes&quot;:{&quot;start&quot;:0,&quot;end&quot;:100}},&quot;background_motion_fx_devices&quot;:[&quot;desktop&quot;,&quot;tablet&quot;,&quot;mobile&quot;]}\">\n\t\t\t\t\t\t\t<div class=\"elementor-background-overlay\"><\/div>\n\t\t\t\t\t\t\t<div class=\"elementor-container elementor-column-gap-default\">\n\t\t\t\t\t<div class=\"elementor-column elementor-col-100 elementor-top-column elementor-element elementor-element-152f721\" data-id=\"152f721\" data-element_type=\"column\" data-e-type=\"column\">\n\t\t\t<div class=\"elementor-widget-wrap elementor-element-populated\">\n\t\t\t\t\t\t<div class=\"elementor-element elementor-element-5e73c40 elementor-widget elementor-widget-spacer\" data-id=\"5e73c40\" data-element_type=\"widget\" data-e-type=\"widget\" data-widget_type=\"spacer.default\">\n\t\t\t\t<div class=\"elementor-widget-container\">\n\t\t\t\t\t\t\t<div class=\"elementor-spacer\">\n\t\t\t<div class=\"elementor-spacer-inner\"><\/div>\n\t\t<\/div>\n\t\t\t\t\t\t<\/div>\n\t\t\t\t<\/div>\n\t\t\t\t<div class=\"elementor-element elementor-element-de7a878 elementor-widget elementor-widget-heading\" data-id=\"de7a878\" data-element_type=\"widget\" data-e-type=\"widget\" data-widget_type=\"heading.default\">\n\t\t\t\t<div class=\"elementor-widget-container\">\n\t\t\t\t\t<h1 class=\"elementor-heading-title elementor-size-default\">Mentions l\u00e9gales<\/h1>\t\t\t\t<\/div>\n\t\t\t\t<\/div>\n\t\t\t\t<div class=\"elementor-element elementor-element-1e0f424 elementor-view-default elementor-widget elementor-widget-icon\" data-id=\"1e0f424\" data-element_type=\"widget\" data-e-type=\"widget\" data-widget_type=\"icon.default\">\n\t\t\t\t<div class=\"elementor-widget-container\">\n\t\t\t\t\t\t\t<div class=\"elementor-icon-wrapper\">\n\t\t\t<div class=\"elementor-icon\">\n\t\t\t<svg xmlns=\"http:\/\/www.w3.org\/2000\/svg\" width=\"55.638\" height=\"21.464\" viewBox=\"0 0 55.638 21.464\"><g id=\"Groupe_20\" data-name=\"Groupe 20\" transform=\"translate(-931.912 -575.371)\"><g id=\"Groupe_17\" data-name=\"Groupe 17\" transform=\"matrix(0.588, 0.809, -0.809, 0.588, 964.137, 575.371)\"><path id=\"Trac&#xE9;_43\" data-name=\"Trac&#xE9; 43\" d=\"M7.633.187A.325.325,0,0,0,7.369,0a.322.322,0,0,0-.294.132L.062,9.774a.327.327,0,0,0-.025.342L4.884,19.4a.325.325,0,0,0,.261.174h.027a.325.325,0,0,0,.26-.129l6.814-9.021a.326.326,0,0,0,.035-.334Z\" transform=\"translate(0 0)\" fill=\"#51b7c7\"><\/path><\/g><g id=\"Groupe_19\" data-name=\"Groupe 19\" transform=\"matrix(0.588, 0.809, -0.809, 0.588, 980.314, 575.371)\"><path id=\"Trac&#xE9;_43-2\" data-name=\"Trac&#xE9; 43\" d=\"M7.633.187A.325.325,0,0,0,7.369,0a.322.322,0,0,0-.294.132L.062,9.774a.327.327,0,0,0-.025.342L4.884,19.4a.325.325,0,0,0,.261.174h.027a.325.325,0,0,0,.26-.129l6.814-9.021a.326.326,0,0,0,.035-.334Z\" transform=\"translate(0 0)\" fill=\"#51b7c7\"><\/path><\/g><g id=\"Groupe_18\" data-name=\"Groupe 18\" transform=\"matrix(0.588, 0.809, -0.809, 0.588, 947.746, 575.371)\"><path id=\"Trac&#xE9;_43-3\" data-name=\"Trac&#xE9; 43\" d=\"M7.633.187A.325.325,0,0,0,7.369,0a.322.322,0,0,0-.294.132L.062,9.774a.327.327,0,0,0-.025.342L4.884,19.4a.325.325,0,0,0,.261.174h.027a.325.325,0,0,0,.26-.129l6.814-9.021a.326.326,0,0,0,.035-.334Z\" transform=\"translate(0 0)\" fill=\"#51b7c7\"><\/path><\/g><\/g><\/svg>\t\t\t<\/div>\n\t\t<\/div>\n\t\t\t\t\t\t<\/div>\n\t\t\t\t<\/div>\n\t\t\t\t<div class=\"elementor-element elementor-element-933ff33 elementor-widget elementor-widget-spacer\" data-id=\"933ff33\" data-element_type=\"widget\" data-e-type=\"widget\" data-widget_type=\"spacer.default\">\n\t\t\t\t<div class=\"elementor-widget-container\">\n\t\t\t\t\t\t\t<div class=\"elementor-spacer\">\n\t\t\t<div class=\"elementor-spacer-inner\"><\/div>\n\t\t<\/div>\n\t\t\t\t\t\t<\/div>\n\t\t\t\t<\/div>\n\t\t\t\t\t<\/div>\n\t\t<\/div>\n\t\t\t\t\t<\/div>\n\t\t<\/section>\n\t\t\t\t<section class=\"elementor-section elementor-top-section elementor-element elementor-element-5bf6cf3 elementor-section-full_width elementor-reverse-mobile elementor-section-height-default elementor-section-height-default\" data-id=\"5bf6cf3\" data-element_type=\"section\" data-e-type=\"section\">\n\t\t\t\t\t\t<div class=\"elementor-container elementor-column-gap-default\">\n\t\t\t\t\t<div class=\"elementor-column elementor-col-100 elementor-top-column elementor-element elementor-element-888963d\" data-id=\"888963d\" data-element_type=\"column\" data-e-type=\"column\">\n\t\t\t<div class=\"elementor-widget-wrap elementor-element-populated\">\n\t\t\t\t\t\t<div class=\"elementor-element elementor-element-9a3a55b elementor-widget elementor-widget-text-editor\" data-id=\"9a3a55b\" data-element_type=\"widget\" data-e-type=\"widget\" data-widget_type=\"text-editor.default\">\n\t\t\t\t<div class=\"elementor-widget-container\">\n\t\t\t\t\t\t\t\t\t<p><strong>Politique de confidentialit\u00e9 &#8211; gestion des donn\u00e9es personnelles<\/strong><\/p><p>La consultation du site est possible sans que vous ayez \u00e0 r\u00e9v\u00e9ler votre identit\u00e9 ou toute autre information \u00e0 caract\u00e8re personnel vous concernant.<br \/>Concernant les informations \u00e0 caract\u00e8re nominatif que vous seriez amen\u00e9s \u00e0 nous communiquer et conform\u00e9ment au R\u00e8glement G\u00e9n\u00e9ral sur la Protection des Donn\u00e9es (RGPD) du 25 mai 2018, vous b\u00e9n\u00e9ficiez de :<\/p><ul><li>Un droit d\u2019acc\u00e8s et de rectification ;<\/li><li>Un droit \u00e0 l\u2019effacement des donn\u00e9es (\u00ab droit \u00e0 l\u2019oubli \u00bb), un droit \u00e0 la limitation du traitement et un droit d\u2019opposition au traitement dans les cas pr\u00e9vus par la r\u00e9glementation en vigueur ;<\/li><li>Le droit de d\u00e9finir des directives relatives au sort de ses donn\u00e9es \u00e0 caract\u00e8re personnel apr\u00e8s sa mort ;<\/li><li>Un droit \u00e0 la portabilit\u00e9 des donn\u00e9es brutes fournies \u00e0 l\u2019\u00c9diteur ;<\/li><li>Le droit d&rsquo;introduire une r\u00e9clamation aupr\u00e8s de l\u2019autorit\u00e9 comp\u00e9tente (notamment la CNIL en France).<\/li><\/ul><p>Ces droits peuvent \u00eatre exerc\u00e9s par courrier postal \u00e0 l\u2019adresse du si\u00e8ge social de la soci\u00e9t\u00e9 Mithieux Metal Protect. Ces droits devront \u00eatre exerc\u00e9s dans les conditions pr\u00e9vues par la r\u00e9glementation en vigueur.<br \/>En particulier, il sera demand\u00e9 la copie d&rsquo;une pi\u00e8ce d&rsquo;identit\u00e9 du demandeur de fa\u00e7on \u00e0 justifier de son identit\u00e9 aupr\u00e8s de la soci\u00e9t\u00e9, pour emp\u00eacher tout acc\u00e8s non-autoris\u00e9 aux Donn\u00e9es Personnelles concern\u00e9es.<br \/>La collecte des informations qui vous sont demand\u00e9es est n\u00e9cessaire pour pouvoir traiter vos demandes : traitement de vos messages, relation commerciale, traitement de commandes en ligne, abonnements aux newsletters\u2026 Ces informations ne sont en aucun cas communiqu\u00e9es \u00e0 des tiers.<\/p><p>Seul le personnel de la soci\u00e9t\u00e9 ou celui des agences qui nous assistent pour la gestion de ces op\u00e9rations ont acc\u00e8s aux donn\u00e9es. Ces agences sont tenues de respecter la confidentialit\u00e9 des informations et de ne les utiliser que pour l&rsquo;op\u00e9ration bien pr\u00e9cise pour laquelle elles doivent intervenir. Nous prenons toutes les pr\u00e9cautions utiles afin de pr\u00e9server l&rsquo;int\u00e9grit\u00e9 des donn\u00e9es, leur confidentialit\u00e9 et emp\u00eacher toute communication \u00e0 des tiers non autoris\u00e9s.<\/p><p>Si vous \u00eates abonn\u00e9s \u00e0 nos services d&rsquo;information par courrier \u00e9lectronique (\u00ab Newsletter \u00bb), vous pouvez demander \u00e0 ne plus recevoir ces courriers en cliquant directement sur le lien \u00ab Se d\u00e9sabonner \u00bb situ\u00e9 en bas de l\u2019email. Les bases de donn\u00e9es sont prot\u00e9g\u00e9es par les dispositions de la loi du 1er juillet 1998 transposant la directive 96\/9 du 11 mars 1996 relative \u00e0 la protection juridique des bases de donn\u00e9es.<\/p><p><strong>\u00a0<\/strong><\/p><p><strong>Informatique et libert\u00e9s<\/strong><\/p><p>Vous b\u00e9n\u00e9ficiez en vertu de la loi Informatique et libert\u00e9 n\u00b0 78-17 du 6 janvier 1978, d\u2019un droit d\u2019acc\u00e8s, de modification, de rectification et de suppression des informations vous concernant.<br \/>Vous b\u00e9n\u00e9ficiez d\u2019un droit \u00e0 l\u2019oubli au terme d\u2019une ann\u00e9e civile depuis l\u2019enregistrement de ces donn\u00e9es.<br \/>Le droit d\u2019acc\u00e8s peut s\u2019exercer sur simple demande en utilisant les coordonn\u00e9es ci-dessous :<\/p><p>Mithieux Metal Protect<\/p><p>570 avenue de Villarcher &#8211; ZI Les Landiers Nord<\/p><p>CS 39430 \u2013 73094 CHAMBERY cedex<\/p><p>+33 (0)4 79 62 28 01 &#8211; <a href=\"https:\/\/www.mithieux.fr\/contacter-mithieux\/\">Formulaire de contact<\/a><\/p><p><strong>Responsable de la r\u00e9daction et de la publication<\/strong><\/p><p>Mithieux Metal Protect<\/p><p>570 avenue de Villarcher &#8211; ZI Les Landiers Nord<\/p><p>CS 39430 \u2013 73094 CHAMBERY cedex<\/p><p>+33 (0)4 79 62 28 01 &#8211; <a href=\"https:\/\/www.mithieux.fr\/contacter-mithieux\/\">Formulaire de contact<\/a><\/p><p><strong>\u00a0<\/strong><\/p><p><strong>Gestion de projet, cr\u00e9ation graphique, int\u00e9gration et h\u00e9bergement<\/strong><\/p><p>2L\u2019AGENCE agence conseil en communication<\/p><p>241 avenue du Grand Verger 73000 Chamb\u00e9ry T\u00e9l. : +33(0)4 79 72 60 70<\/p><p><a href=\"https:\/\/www.2lagence.com\" target=\"_blank\" rel=\"noopener\">www.2lagence.com<\/a><\/p><p>H\u00e9bergement sur serveurs OVH.<\/p><p><strong>Conditions d\u2019utilisation<\/strong><\/p><p>Ce site web est une \u0153uvre de l&rsquo;esprit originale. Elle b\u00e9n\u00e9ficie d&rsquo;une protection juridique en vertu de la loi fran\u00e7aise. Cette \u0153uvre, dans les pays autres que la France, est prot\u00e9g\u00e9e par les conventions internationales et notamment la Convention de Berne sur la protection des \u0153uvres litt\u00e9raires et artistiques. En cons\u00e9quence sont autoris\u00e9es : La reproduction \u00e0 titre priv\u00e9, L\u2019utilisation publique et la cr\u00e9ation d&rsquo;un lien hypertexte sans frame, sous r\u00e9serve de l&rsquo;acceptation pr\u00e9alable de la soci\u00e9t\u00e9 Mithieux Metal Protect.<\/p><p><strong>Cookies<\/strong><\/p><p>Lors de la navigation dans certains endroits du site, des cookies peuvent \u00eatre import\u00e9s sur votre ordinateur.<\/p><p>Un cookie est un fichier texte que le site que vous visitez enregistre sur votre disque dur ou dans la m\u00e9moire vive de votre navigateur. Il permet \u00e0 votre ordinateur de stocker diff\u00e9rentes donn\u00e9es techniques comme le nombre de visites, la fr\u00e9quence d\u2019exposition \u00e0 une banni\u00e8re publicitaire, la connexion \u00e0 d\u2019autres sites. Il permet aussi de personnaliser vos prochaines connexions en m\u00e9morisant vos informations de connexions, vos pr\u00e9f\u00e9rences, etc<\/p><p>Ces cookies facilitent votre navigation entre les pages de notre site et sont n\u00e9cessaires pour vous permettre de b\u00e9n\u00e9ficier de certaines fonctionnalit\u00e9s comme la cr\u00e9ation de votre compte utilisateur. Ces cookies expirent lorsque vous fermez votre navigateur internet.<\/p><p>Vous pouvez vous opposer \u00e0 l\u2019enregistrement de cookies en configurant votre navigateur internet. Dans Internet Explorer, dans le menu Outils, cliquez sur Options Internet. Sous l\u2019onglet Confidentialit\u00e9, d\u00e9placez le curseur vers le haut pour augmenter le niveau de confidentialit\u00e9. Dans Chrome, Mozilla et Firebird : bloquer les cookies dans les options. Pour plus d\u2019informations, nous vous invitons \u00e0 consulter\u00a0<a href=\"https:\/\/www.cnil.fr\/fr\/cookies-les-outils-pour-les-maitriser\">le site officiel de la CNIL<\/a>.<\/p><p><strong>Liens vers ce site<\/strong><\/p><p>Les liens vers ce site sont bienvenus aux conditions suivantes :<br \/>&#8211; Accord \u00e9crit pr\u00e9alable.<br \/>&#8211; Respect de la r\u00e9ciprocit\u00e9.<br \/>&#8211; Lien sur une page de votre site index\u00e9e par les moteurs de recherche.<br \/>&#8211; Ouverture int\u00e9grale de la page https:\/\/www.mithieux.fr dans un navigateur, sans cadre ni mentions propres \u00e0 votre site.<\/p><p><strong>Cr\u00e9dit photos<\/strong><\/p><p>\u00a9 <a href=\"https:\/\/savoiecom.fr\">Savoiecom<\/a> \/ Alexis Chambon<\/p>\t\t\t\t\t\t\t\t<\/div>\n\t\t\t\t<\/div>\n\t\t\t\t\t<\/div>\n\t\t<\/div>\n\t\t\t\t\t<\/div>\n\t\t<\/section>\n\t\t\t\t<\/div>\n\t\t","protected":false},"excerpt":{"rendered":"<p>Mentions l\u00e9gales Politique de confidentialit\u00e9 &#8211; gestion des donn\u00e9es personnelles La consultation du site est possible sans que vous ayez \u00e0 r\u00e9v\u00e9ler votre identit\u00e9 ou toute autre information \u00e0 caract\u00e8re personnel vous concernant.Concernant les informations \u00e0 caract\u00e8re nominatif que vous seriez amen\u00e9s \u00e0 nous communiquer et conform\u00e9ment au R\u00e8glement G\u00e9n\u00e9ral sur la Protection des Donn\u00e9es [&hellip;]<\/p>\n","protected":false},"author":1,"featured_media":0,"parent":0,"menu_order":0,"comment_status":"closed","ping_status":"closed","template":"","meta":{"footnotes":""},"class_list":["post-856","page","type-page","status-publish","hentry"],"yoast_head":"<!-- This site is optimized with the Yoast SEO plugin v27.5 - https:\/\/yoast.com\/product\/yoast-seo-wordpress\/ -->\n<title>Mentions l\u00e9gales I Mithieux Metal Protect, Chamb\u00e9ry, Alpes, France<\/title>\n<meta name=\"description\" content=\"Mentions l\u00e9gales du site internet de Mithieux Metal Protect, traitement industriel anticorrosion de pi\u00e8ces m\u00e9talliques trait\u00e9 en France, Auvergne Rh\u00f4ne-Alpes, Savoie, Chamb\u00e9ry\" \/>\n<meta name=\"robots\" content=\"index, follow, max-snippet:-1, max-image-preview:large, max-video-preview:-1\" \/>\n<link rel=\"canonical\" href=\"https:\/\/www.mithieux.fr\/en\/mentions-legales\/\" \/>\n<meta property=\"og:locale\" content=\"en_GB\" \/>\n<meta property=\"og:type\" content=\"article\" \/>\n<meta property=\"og:title\" content=\"Mentions l\u00e9gales I Mithieux Metal Protect, Chamb\u00e9ry, Alpes, France\" \/>\n<meta property=\"og:description\" content=\"Mentions l\u00e9gales du site internet de Mithieux Metal Protect, traitement industriel anticorrosion de pi\u00e8ces m\u00e9talliques trait\u00e9 en France, Auvergne Rh\u00f4ne-Alpes, Savoie, Chamb\u00e9ry\" \/>\n<meta property=\"og:url\" content=\"https:\/\/www.mithieux.fr\/en\/mentions-legales\/\" \/>\n<meta property=\"og:site_name\" content=\"Mithieux\" \/>\n<meta property=\"article:modified_time\" content=\"2024-07-31T13:33:57+00:00\" \/>\n<meta name=\"twitter:card\" content=\"summary_large_image\" \/>\n<meta name=\"twitter:label1\" content=\"Estimated reading time\" \/>\n\t<meta name=\"twitter:data1\" content=\"5 minutes\" \/>\n<script type=\"application\/ld+json\" class=\"yoast-schema-graph\">{\"@context\":\"https:\\\/\\\/schema.org\",\"@graph\":[{\"@type\":\"WebPage\",\"@id\":\"https:\\\/\\\/www.mithieux.fr\\\/mentions-legales\\\/\",\"url\":\"https:\\\/\\\/www.mithieux.fr\\\/mentions-legales\\\/\",\"name\":\"Mentions l\u00e9gales I Mithieux Metal Protect, Chamb\u00e9ry, Alpes, France\",\"isPartOf\":{\"@id\":\"https:\\\/\\\/www.mithieux.fr\\\/#website\"},\"datePublished\":\"2021-09-01T20:48:14+00:00\",\"dateModified\":\"2024-07-31T13:33:57+00:00\",\"description\":\"Mentions l\u00e9gales du site internet de Mithieux Metal Protect, traitement industriel anticorrosion de pi\u00e8ces m\u00e9talliques trait\u00e9 en France, Auvergne Rh\u00f4ne-Alpes, Savoie, Chamb\u00e9ry\",\"breadcrumb\":{\"@id\":\"https:\\\/\\\/www.mithieux.fr\\\/mentions-legales\\\/#breadcrumb\"},\"inLanguage\":\"en-GB\",\"potentialAction\":[{\"@type\":\"ReadAction\",\"target\":[\"https:\\\/\\\/www.mithieux.fr\\\/mentions-legales\\\/\"]}]},{\"@type\":\"BreadcrumbList\",\"@id\":\"https:\\\/\\\/www.mithieux.fr\\\/mentions-legales\\\/#breadcrumb\",\"itemListElement\":[{\"@type\":\"ListItem\",\"position\":1,\"name\":\"Accueil\",\"item\":\"https:\\\/\\\/www.mithieux.fr\\\/\"},{\"@type\":\"ListItem\",\"position\":2,\"name\":\"Mentions l\u00e9gales\"}]},{\"@type\":\"WebSite\",\"@id\":\"https:\\\/\\\/www.mithieux.fr\\\/#website\",\"url\":\"https:\\\/\\\/www.mithieux.fr\\\/\",\"name\":\"Mithieux\",\"description\":\"\",\"publisher\":{\"@id\":\"https:\\\/\\\/www.mithieux.fr\\\/#organization\"},\"potentialAction\":[{\"@type\":\"SearchAction\",\"target\":{\"@type\":\"EntryPoint\",\"urlTemplate\":\"https:\\\/\\\/www.mithieux.fr\\\/?s={search_term_string}\"},\"query-input\":{\"@type\":\"PropertyValueSpecification\",\"valueRequired\":true,\"valueName\":\"search_term_string\"}}],\"inLanguage\":\"en-GB\"},{\"@type\":\"Organization\",\"@id\":\"https:\\\/\\\/www.mithieux.fr\\\/#organization\",\"name\":\"Mithieux\",\"url\":\"https:\\\/\\\/www.mithieux.fr\\\/\",\"logo\":{\"@type\":\"ImageObject\",\"inLanguage\":\"en-GB\",\"@id\":\"https:\\\/\\\/www.mithieux.fr\\\/#\\\/schema\\\/logo\\\/image\\\/\",\"url\":\"https:\\\/\\\/www.mithieux.fr\\\/wp-content\\\/uploads\\\/2021\\\/07\\\/mithieux-fondfonce-simplifie.svg\",\"contentUrl\":\"https:\\\/\\\/www.mithieux.fr\\\/wp-content\\\/uploads\\\/2021\\\/07\\\/mithieux-fondfonce-simplifie.svg\",\"caption\":\"Mithieux\"},\"image\":{\"@id\":\"https:\\\/\\\/www.mithieux.fr\\\/#\\\/schema\\\/logo\\\/image\\\/\"}}]}<\/script>\n<!-- \/ Yoast SEO plugin. -->","yoast_head_json":{"title":"Mentions l\u00e9gales I Mithieux Metal Protect, Chamb\u00e9ry, Alpes, France","description":"Mentions l\u00e9gales du site internet de Mithieux Metal Protect, traitement industriel anticorrosion de pi\u00e8ces m\u00e9talliques trait\u00e9 en France, Auvergne Rh\u00f4ne-Alpes, Savoie, Chamb\u00e9ry","robots":{"index":"index","follow":"follow","max-snippet":"max-snippet:-1","max-image-preview":"max-image-preview:large","max-video-preview":"max-video-preview:-1"},"canonical":"https:\/\/www.mithieux.fr\/en\/mentions-legales\/","og_locale":"en_GB","og_type":"article","og_title":"Mentions l\u00e9gales I Mithieux Metal Protect, Chamb\u00e9ry, Alpes, France","og_description":"Mentions l\u00e9gales du site internet de Mithieux Metal Protect, traitement industriel anticorrosion de pi\u00e8ces m\u00e9talliques trait\u00e9 en France, Auvergne Rh\u00f4ne-Alpes, Savoie, Chamb\u00e9ry","og_url":"https:\/\/www.mithieux.fr\/en\/mentions-legales\/","og_site_name":"Mithieux","article_modified_time":"2024-07-31T13:33:57+00:00","twitter_card":"summary_large_image","twitter_misc":{"Estimated reading time":"5 minutes"},"schema":{"@context":"https:\/\/schema.org","@graph":[{"@type":"WebPage","@id":"https:\/\/www.mithieux.fr\/mentions-legales\/","url":"https:\/\/www.mithieux.fr\/mentions-legales\/","name":"Mentions l\u00e9gales I Mithieux Metal Protect, Chamb\u00e9ry, Alpes, France","isPartOf":{"@id":"https:\/\/www.mithieux.fr\/#website"},"datePublished":"2021-09-01T20:48:14+00:00","dateModified":"2024-07-31T13:33:57+00:00","description":"Mentions l\u00e9gales du site internet de Mithieux Metal Protect, traitement industriel anticorrosion de pi\u00e8ces m\u00e9talliques trait\u00e9 en France, Auvergne Rh\u00f4ne-Alpes, Savoie, Chamb\u00e9ry","breadcrumb":{"@id":"https:\/\/www.mithieux.fr\/mentions-legales\/#breadcrumb"},"inLanguage":"en-GB","potentialAction":[{"@type":"ReadAction","target":["https:\/\/www.mithieux.fr\/mentions-legales\/"]}]},{"@type":"BreadcrumbList","@id":"https:\/\/www.mithieux.fr\/mentions-legales\/#breadcrumb","itemListElement":[{"@type":"ListItem","position":1,"name":"Accueil","item":"https:\/\/www.mithieux.fr\/"},{"@type":"ListItem","position":2,"name":"Mentions l\u00e9gales"}]},{"@type":"WebSite","@id":"https:\/\/www.mithieux.fr\/#website","url":"https:\/\/www.mithieux.fr\/","name":"Mithieux","description":"","publisher":{"@id":"https:\/\/www.mithieux.fr\/#organization"},"potentialAction":[{"@type":"SearchAction","target":{"@type":"EntryPoint","urlTemplate":"https:\/\/www.mithieux.fr\/?s={search_term_string}"},"query-input":{"@type":"PropertyValueSpecification","valueRequired":true,"valueName":"search_term_string"}}],"inLanguage":"en-GB"},{"@type":"Organization","@id":"https:\/\/www.mithieux.fr\/#organization","name":"Mithieux","url":"https:\/\/www.mithieux.fr\/","logo":{"@type":"ImageObject","inLanguage":"en-GB","@id":"https:\/\/www.mithieux.fr\/#\/schema\/logo\/image\/","url":"https:\/\/www.mithieux.fr\/wp-content\/uploads\/2021\/07\/mithieux-fondfonce-simplifie.svg","contentUrl":"https:\/\/www.mithieux.fr\/wp-content\/uploads\/2021\/07\/mithieux-fondfonce-simplifie.svg","caption":"Mithieux"},"image":{"@id":"https:\/\/www.mithieux.fr\/#\/schema\/logo\/image\/"}}]}},"_links":{"self":[{"href":"https:\/\/www.mithieux.fr\/en\/wp-json\/wp\/v2\/pages\/856","targetHints":{"allow":["GET"]}}],"collection":[{"href":"https:\/\/www.mithieux.fr\/en\/wp-json\/wp\/v2\/pages"}],"about":[{"href":"https:\/\/www.mithieux.fr\/en\/wp-json\/wp\/v2\/types\/page"}],"author":[{"embeddable":true,"href":"https:\/\/www.mithieux.fr\/en\/wp-json\/wp\/v2\/users\/1"}],"replies":[{"embeddable":true,"href":"https:\/\/www.mithieux.fr\/en\/wp-json\/wp\/v2\/comments?post=856"}],"version-history":[{"count":14,"href":"https:\/\/www.mithieux.fr\/en\/wp-json\/wp\/v2\/pages\/856\/revisions"}],"predecessor-version":[{"id":1822,"href":"https:\/\/www.mithieux.fr\/en\/wp-json\/wp\/v2\/pages\/856\/revisions\/1822"}],"wp:attachment":[{"href":"https:\/\/www.mithieux.fr\/en\/wp-json\/wp\/v2\/media?parent=856"}],"curies":[{"name":"wp","href":"https:\/\/api.w.org\/{rel}","templated":true}]}}