{"id":867,"date":"2021-09-01T23:20:16","date_gmt":"2021-09-01T21:20:16","guid":{"rendered":"http:\/\/enlcmdy.cluster031.hosting.ovh.net\/?page_id=867"},"modified":"2021-09-01T23:28:57","modified_gmt":"2021-09-01T21:28:57","slug":"partenaires","status":"publish","type":"page","link":"https:\/\/www.mithieux.fr\/en\/partenaires\/","title":{"rendered":"Partners"},"content":{"rendered":"\t\t<div data-elementor-type=\"wp-page\" data-elementor-id=\"867\" class=\"elementor elementor-867\" data-elementor-post-type=\"page\">\n\t\t\t\t\t\t<section class=\"elementor-section elementor-top-section elementor-element elementor-element-79e1657 elementor-section-full_width elementor-section-height-min-height elementor-section-height-default elementor-section-items-middle\" data-id=\"79e1657\" data-element_type=\"section\" data-e-type=\"section\" data-settings=\"{&quot;background_background&quot;:&quot;classic&quot;,&quot;background_motion_fx_motion_fx_scrolling&quot;:&quot;yes&quot;,&quot;background_motion_fx_translateY_effect&quot;:&quot;yes&quot;,&quot;background_motion_fx_translateY_direction&quot;:&quot;negative&quot;,&quot;background_motion_fx_translateY_speed&quot;:{&quot;unit&quot;:&quot;px&quot;,&quot;size&quot;:4,&quot;sizes&quot;:[]},&quot;background_motion_fx_translateY_affectedRange&quot;:{&quot;unit&quot;:&quot;%&quot;,&quot;size&quot;:&quot;&quot;,&quot;sizes&quot;:{&quot;start&quot;:0,&quot;end&quot;:100}},&quot;background_motion_fx_devices&quot;:[&quot;desktop&quot;,&quot;tablet&quot;,&quot;mobile&quot;]}\">\n\t\t\t\t\t\t\t<div class=\"elementor-background-overlay\"><\/div>\n\t\t\t\t\t\t\t<div class=\"elementor-container elementor-column-gap-default\">\n\t\t\t\t\t<div class=\"elementor-column elementor-col-100 elementor-top-column elementor-element elementor-element-152f721\" data-id=\"152f721\" data-element_type=\"column\" data-e-type=\"column\">\n\t\t\t<div class=\"elementor-widget-wrap elementor-element-populated\">\n\t\t\t\t\t\t<div class=\"elementor-element elementor-element-5e73c40 elementor-widget elementor-widget-spacer\" data-id=\"5e73c40\" data-element_type=\"widget\" data-e-type=\"widget\" data-widget_type=\"spacer.default\">\n\t\t\t\t<div class=\"elementor-widget-container\">\n\t\t\t\t\t\t\t<div class=\"elementor-spacer\">\n\t\t\t<div class=\"elementor-spacer-inner\"><\/div>\n\t\t<\/div>\n\t\t\t\t\t\t<\/div>\n\t\t\t\t<\/div>\n\t\t\t\t<div class=\"elementor-element elementor-element-de7a878 elementor-widget elementor-widget-heading\" data-id=\"de7a878\" data-element_type=\"widget\" data-e-type=\"widget\" data-widget_type=\"heading.default\">\n\t\t\t\t<div class=\"elementor-widget-container\">\n\t\t\t\t\t<h1 class=\"elementor-heading-title elementor-size-default\">Les partenaires de Mithieux Metal Protect<\/h1>\t\t\t\t<\/div>\n\t\t\t\t<\/div>\n\t\t\t\t<div class=\"elementor-element elementor-element-1e0f424 elementor-view-default elementor-widget elementor-widget-icon\" data-id=\"1e0f424\" data-element_type=\"widget\" data-e-type=\"widget\" data-widget_type=\"icon.default\">\n\t\t\t\t<div class=\"elementor-widget-container\">\n\t\t\t\t\t\t\t<div class=\"elementor-icon-wrapper\">\n\t\t\t<div class=\"elementor-icon\">\n\t\t\t<svg xmlns=\"http:\/\/www.w3.org\/2000\/svg\" width=\"55.638\" height=\"21.464\" viewBox=\"0 0 55.638 21.464\"><g id=\"Groupe_20\" data-name=\"Groupe 20\" transform=\"translate(-931.912 -575.371)\"><g id=\"Groupe_17\" data-name=\"Groupe 17\" transform=\"matrix(0.588, 0.809, -0.809, 0.588, 964.137, 575.371)\"><path id=\"Trac&#xE9;_43\" data-name=\"Trac&#xE9; 43\" d=\"M7.633.187A.325.325,0,0,0,7.369,0a.322.322,0,0,0-.294.132L.062,9.774a.327.327,0,0,0-.025.342L4.884,19.4a.325.325,0,0,0,.261.174h.027a.325.325,0,0,0,.26-.129l6.814-9.021a.326.326,0,0,0,.035-.334Z\" transform=\"translate(0 0)\" fill=\"#51b7c7\"><\/path><\/g><g id=\"Groupe_19\" data-name=\"Groupe 19\" transform=\"matrix(0.588, 0.809, -0.809, 0.588, 980.314, 575.371)\"><path id=\"Trac&#xE9;_43-2\" data-name=\"Trac&#xE9; 43\" d=\"M7.633.187A.325.325,0,0,0,7.369,0a.322.322,0,0,0-.294.132L.062,9.774a.327.327,0,0,0-.025.342L4.884,19.4a.325.325,0,0,0,.261.174h.027a.325.325,0,0,0,.26-.129l6.814-9.021a.326.326,0,0,0,.035-.334Z\" transform=\"translate(0 0)\" fill=\"#51b7c7\"><\/path><\/g><g id=\"Groupe_18\" data-name=\"Groupe 18\" transform=\"matrix(0.588, 0.809, -0.809, 0.588, 947.746, 575.371)\"><path id=\"Trac&#xE9;_43-3\" data-name=\"Trac&#xE9; 43\" d=\"M7.633.187A.325.325,0,0,0,7.369,0a.322.322,0,0,0-.294.132L.062,9.774a.327.327,0,0,0-.025.342L4.884,19.4a.325.325,0,0,0,.261.174h.027a.325.325,0,0,0,.26-.129l6.814-9.021a.326.326,0,0,0,.035-.334Z\" transform=\"translate(0 0)\" fill=\"#51b7c7\"><\/path><\/g><\/g><\/svg>\t\t\t<\/div>\n\t\t<\/div>\n\t\t\t\t\t\t<\/div>\n\t\t\t\t<\/div>\n\t\t\t\t<div class=\"elementor-element elementor-element-933ff33 elementor-widget elementor-widget-spacer\" data-id=\"933ff33\" data-element_type=\"widget\" data-e-type=\"widget\" data-widget_type=\"spacer.default\">\n\t\t\t\t<div class=\"elementor-widget-container\">\n\t\t\t\t\t\t\t<div class=\"elementor-spacer\">\n\t\t\t<div class=\"elementor-spacer-inner\"><\/div>\n\t\t<\/div>\n\t\t\t\t\t\t<\/div>\n\t\t\t\t<\/div>\n\t\t\t\t\t<\/div>\n\t\t<\/div>\n\t\t\t\t\t<\/div>\n\t\t<\/section>\n\t\t\t\t<section class=\"elementor-section elementor-top-section elementor-element elementor-element-5bf6cf3 elementor-section-full_width elementor-reverse-mobile elementor-section-height-default elementor-section-height-default\" data-id=\"5bf6cf3\" data-element_type=\"section\" data-e-type=\"section\">\n\t\t\t\t\t\t<div class=\"elementor-container elementor-column-gap-default\">\n\t\t\t\t\t<div class=\"elementor-column elementor-col-50 elementor-top-column elementor-element elementor-element-805224b\" data-id=\"805224b\" data-element_type=\"column\" data-e-type=\"column\" data-settings=\"{&quot;background_background&quot;:&quot;classic&quot;}\">\n\t\t\t<div class=\"elementor-widget-wrap elementor-element-populated\">\n\t\t\t\t\t<div class=\"elementor-background-overlay\"><\/div>\n\t\t\t\t\t\t<div class=\"elementor-element elementor-element-1b918b4 elementor-position-top elementor-widget elementor-widget-image-box\" data-id=\"1b918b4\" data-element_type=\"widget\" data-e-type=\"widget\" data-widget_type=\"image-box.default\">\n\t\t\t\t<div class=\"elementor-widget-container\">\n\t\t\t\t\t<div class=\"elementor-image-box-wrapper\"><figure class=\"elementor-image-box-img\"><a href=\"https:\/\/www.bpifrance.fr\/\" tabindex=\"-1\"><img fetchpriority=\"high\" decoding=\"async\" width=\"1400\" height=\"1400\" src=\"https:\/\/www.mithieux.fr\/wp-content\/uploads\/2021\/09\/logo-BPI-FRANCE.png\" class=\"attachment-full size-full wp-image-869\" alt=\"logo-BPI-FRANCE\" srcset=\"https:\/\/www.mithieux.fr\/wp-content\/uploads\/2021\/09\/logo-BPI-FRANCE.png 1400w, https:\/\/www.mithieux.fr\/wp-content\/uploads\/2021\/09\/logo-BPI-FRANCE-300x300.png 300w, https:\/\/www.mithieux.fr\/wp-content\/uploads\/2021\/09\/logo-BPI-FRANCE-1024x1024.png 1024w, https:\/\/www.mithieux.fr\/wp-content\/uploads\/2021\/09\/logo-BPI-FRANCE-150x150.png 150w, https:\/\/www.mithieux.fr\/wp-content\/uploads\/2021\/09\/logo-BPI-FRANCE-768x768.png 768w\" sizes=\"(max-width: 1400px) 100vw, 1400px\" \/><\/a><\/figure><div class=\"elementor-image-box-content\"><h2 class=\"elementor-image-box-title\"><a href=\"https:\/\/www.bpifrance.fr\/\">BPI France<\/a><\/h2><p class=\"elementor-image-box-description\">Bpifrance est une banque publique d'investissement, un organisme fran\u00e7ais de financement et de d\u00e9veloppement des entreprises. Elle est le fruit du regroupement d'Os\u00e9o, de CDC Entreprises, du FSI et du FSI R\u00e9gions.<\/p><\/div><\/div>\t\t\t\t<\/div>\n\t\t\t\t<\/div>\n\t\t\t\t\t<\/div>\n\t\t<\/div>\n\t\t\t\t<div class=\"elementor-column elementor-col-50 elementor-top-column elementor-element elementor-element-888963d\" data-id=\"888963d\" data-element_type=\"column\" data-e-type=\"column\">\n\t\t\t<div class=\"elementor-widget-wrap elementor-element-populated\">\n\t\t\t\t\t\t<div class=\"elementor-element elementor-element-bd89410 elementor-position-top elementor-widget elementor-widget-image-box\" data-id=\"bd89410\" data-element_type=\"widget\" data-e-type=\"widget\" data-widget_type=\"image-box.default\">\n\t\t\t\t<div class=\"elementor-widget-container\">\n\t\t\t\t\t<div class=\"elementor-image-box-wrapper\"><figure class=\"elementor-image-box-img\"><a href=\"https:\/\/www.uits-france.org\/\" tabindex=\"-1\"><img decoding=\"async\" width=\"268\" height=\"185\" src=\"https:\/\/www.mithieux.fr\/wp-content\/uploads\/2021\/09\/uits-logo.jpg\" class=\"attachment-full size-full wp-image-873\" alt=\"uits-logo\" \/><\/a><\/figure><div class=\"elementor-image-box-content\"><h2 class=\"elementor-image-box-title\"><a href=\"https:\/\/www.uits-france.org\/\">UITS<\/a><\/h2><p class=\"elementor-image-box-description\">L\u2019UNION DES INDUSTRIES DES TECHNOLOGIES DE SURFACES\nL\u2019Union des industries et m\u00e9tiers de la m\u00e9tallurgie est la f\u00e9d\u00e9ration patronale fran\u00e7aise regroupant, dans le domaine de la m\u00e9tallurgie, les principales entreprises fran\u00e7aises. \n<\/p><\/div><\/div>\t\t\t\t<\/div>\n\t\t\t\t<\/div>\n\t\t\t\t\t<\/div>\n\t\t<\/div>\n\t\t\t\t\t<\/div>\n\t\t<\/section>\n\t\t\t\t<section class=\"elementor-section elementor-top-section elementor-element elementor-element-d957819 elementor-section-full_width elementor-reverse-mobile elementor-section-height-default elementor-section-height-default\" data-id=\"d957819\" data-element_type=\"section\" data-e-type=\"section\">\n\t\t\t\t\t\t<div class=\"elementor-container elementor-column-gap-default\">\n\t\t\t\t\t<div class=\"elementor-column elementor-col-50 elementor-top-column elementor-element elementor-element-48475b5\" data-id=\"48475b5\" data-element_type=\"column\" data-e-type=\"column\" data-settings=\"{&quot;background_background&quot;:&quot;classic&quot;}\">\n\t\t\t<div class=\"elementor-widget-wrap elementor-element-populated\">\n\t\t\t\t\t<div class=\"elementor-background-overlay\"><\/div>\n\t\t\t\t\t\t<div class=\"elementor-element elementor-element-805541f elementor-position-top elementor-widget elementor-widget-image-box\" data-id=\"805541f\" data-element_type=\"widget\" data-e-type=\"widget\" data-widget_type=\"image-box.default\">\n\t\t\t\t<div class=\"elementor-widget-container\">\n\t\t\t\t\t<div class=\"elementor-image-box-wrapper\"><figure class=\"elementor-image-box-img\"><a href=\"https:\/\/www.fim.net\/fr\/accueil\" tabindex=\"-1\"><img decoding=\"async\" width=\"156\" height=\"227\" src=\"https:\/\/www.mithieux.fr\/wp-content\/uploads\/2021\/09\/logo_FIM_small.svg\" class=\"attachment-full size-full wp-image-874\" alt=\"\" \/><\/a><\/figure><div class=\"elementor-image-box-content\"><h2 class=\"elementor-image-box-title\"><a href=\"https:\/\/www.fim.net\/fr\/accueil\">FIM : f\u00e9d\u00e9ration des Industries M\u00e9caniques<\/a><\/h2><p class=\"elementor-image-box-description\">La F\u00e9d\u00e9ration des Industries M\u00e9caniques est une f\u00e9d\u00e9ration industrielle rassemblant 24 syndicats professionnels dans le domaine de la m\u00e9canique.<\/p><\/div><\/div>\t\t\t\t<\/div>\n\t\t\t\t<\/div>\n\t\t\t\t\t<\/div>\n\t\t<\/div>\n\t\t\t\t<div class=\"elementor-column elementor-col-50 elementor-top-column elementor-element elementor-element-89e7bb9\" data-id=\"89e7bb9\" data-element_type=\"column\" data-e-type=\"column\">\n\t\t\t<div class=\"elementor-widget-wrap elementor-element-populated\">\n\t\t\t\t\t\t<div class=\"elementor-element elementor-element-070e238 elementor-position-top elementor-widget elementor-widget-image-box\" data-id=\"070e238\" data-element_type=\"widget\" data-e-type=\"widget\" data-widget_type=\"image-box.default\">\n\t\t\t\t<div class=\"elementor-widget-container\">\n\t\t\t\t\t<div class=\"elementor-image-box-wrapper\"><figure class=\"elementor-image-box-img\"><a href=\"https:\/\/uimm.lafabriquedelavenir.fr\/industrie\/\" tabindex=\"-1\"><img loading=\"lazy\" decoding=\"async\" width=\"1700\" height=\"1474\" src=\"https:\/\/www.mithieux.fr\/wp-content\/uploads\/2021\/09\/LOGO_UIMM_QUADRI.svg\" class=\"attachment-full size-full wp-image-875\" alt=\"\" \/><\/a><\/figure><div class=\"elementor-image-box-content\"><h2 class=\"elementor-image-box-title\"><a href=\"https:\/\/uimm.lafabriquedelavenir.fr\/industrie\/\">UIMM<\/a><\/h2><p class=\"elementor-image-box-description\">L\u2019Union des industries et m\u00e9tiers de la m\u00e9tallurgie est la f\u00e9d\u00e9ration patronale fran\u00e7aise regroupant, dans le domaine de la m\u00e9tallurgie, les principales entreprises fran\u00e7aises.<\/p><\/div><\/div>\t\t\t\t<\/div>\n\t\t\t\t<\/div>\n\t\t\t\t\t<\/div>\n\t\t<\/div>\n\t\t\t\t\t<\/div>\n\t\t<\/section>\n\t\t\t\t<\/div>\n\t\t","protected":false},"excerpt":{"rendered":"<p>Les partenaires de Mithieux Metal Protect BPI France Bpifrance est une banque publique d&rsquo;investissement, un organisme fran\u00e7ais de financement et de d\u00e9veloppement des entreprises. Elle est le fruit du regroupement d&rsquo;Os\u00e9o, de CDC Entreprises, du FSI et du FSI R\u00e9gions. UITS L\u2019UNION DES INDUSTRIES DES TECHNOLOGIES DE SURFACES L\u2019Union des industries et m\u00e9tiers de la [&hellip;]<\/p>\n","protected":false},"author":1,"featured_media":0,"parent":0,"menu_order":0,"comment_status":"closed","ping_status":"closed","template":"","meta":{"footnotes":""},"class_list":["post-867","page","type-page","status-publish","hentry"],"yoast_head":"<!-- This site is optimized with the Yoast SEO plugin v27.4 - https:\/\/yoast.com\/product\/yoast-seo-wordpress\/ -->\n<title>Les partenaires de Mithieux Metal Protect : unions, f\u00e9d\u00e9rations, associations<\/title>\n<meta name=\"description\" content=\"Les partenaires locaux, r\u00e9gionaux et nationaux de Mithieux Metal Protect, associations, f\u00e9d\u00e9ration des industries m\u00e9caniques, Union des Industries des Technologies de Surfaces\" \/>\n<meta name=\"robots\" content=\"index, follow, max-snippet:-1, max-image-preview:large, max-video-preview:-1\" \/>\n<link rel=\"canonical\" href=\"https:\/\/www.mithieux.fr\/en\/partenaires\/\" \/>\n<meta property=\"og:locale\" content=\"en_GB\" \/>\n<meta property=\"og:type\" content=\"article\" \/>\n<meta property=\"og:title\" content=\"Les partenaires de Mithieux Metal Protect : unions, f\u00e9d\u00e9rations, associations\" \/>\n<meta property=\"og:description\" content=\"Les partenaires locaux, r\u00e9gionaux et nationaux de Mithieux Metal Protect, associations, f\u00e9d\u00e9ration des industries m\u00e9caniques, Union des Industries des Technologies de Surfaces\" \/>\n<meta property=\"og:url\" content=\"https:\/\/www.mithieux.fr\/en\/partenaires\/\" \/>\n<meta property=\"og:site_name\" content=\"Mithieux\" \/>\n<meta property=\"article:modified_time\" content=\"2021-09-01T21:28:57+00:00\" \/>\n<meta property=\"og:image\" content=\"http:\/\/enlcmdy.cluster031.hosting.ovh.net\/wp-content\/uploads\/2021\/09\/logo-BPI-FRANCE.png\" \/>\n<meta name=\"twitter:card\" content=\"summary_large_image\" \/>\n<meta name=\"twitter:label1\" content=\"Estimated reading time\" \/>\n\t<meta name=\"twitter:data1\" content=\"2 minutes\" \/>\n<script type=\"application\/ld+json\" class=\"yoast-schema-graph\">{\"@context\":\"https:\\\/\\\/schema.org\",\"@graph\":[{\"@type\":\"WebPage\",\"@id\":\"https:\\\/\\\/www.mithieux.fr\\\/partenaires\\\/\",\"url\":\"https:\\\/\\\/www.mithieux.fr\\\/partenaires\\\/\",\"name\":\"Les partenaires de Mithieux Metal Protect : unions, f\u00e9d\u00e9rations, associations\",\"isPartOf\":{\"@id\":\"https:\\\/\\\/www.mithieux.fr\\\/#website\"},\"primaryImageOfPage\":{\"@id\":\"https:\\\/\\\/www.mithieux.fr\\\/partenaires\\\/#primaryimage\"},\"image\":{\"@id\":\"https:\\\/\\\/www.mithieux.fr\\\/partenaires\\\/#primaryimage\"},\"thumbnailUrl\":\"http:\\\/\\\/enlcmdy.cluster031.hosting.ovh.net\\\/wp-content\\\/uploads\\\/2021\\\/09\\\/logo-BPI-FRANCE.png\",\"datePublished\":\"2021-09-01T21:20:16+00:00\",\"dateModified\":\"2021-09-01T21:28:57+00:00\",\"description\":\"Les partenaires locaux, r\u00e9gionaux et nationaux de Mithieux Metal Protect, associations, f\u00e9d\u00e9ration des industries m\u00e9caniques, Union des Industries des Technologies de Surfaces\",\"breadcrumb\":{\"@id\":\"https:\\\/\\\/www.mithieux.fr\\\/partenaires\\\/#breadcrumb\"},\"inLanguage\":\"en-GB\",\"potentialAction\":[{\"@type\":\"ReadAction\",\"target\":[\"https:\\\/\\\/www.mithieux.fr\\\/partenaires\\\/\"]}]},{\"@type\":\"ImageObject\",\"inLanguage\":\"en-GB\",\"@id\":\"https:\\\/\\\/www.mithieux.fr\\\/partenaires\\\/#primaryimage\",\"url\":\"http:\\\/\\\/enlcmdy.cluster031.hosting.ovh.net\\\/wp-content\\\/uploads\\\/2021\\\/09\\\/logo-BPI-FRANCE.png\",\"contentUrl\":\"http:\\\/\\\/enlcmdy.cluster031.hosting.ovh.net\\\/wp-content\\\/uploads\\\/2021\\\/09\\\/logo-BPI-FRANCE.png\"},{\"@type\":\"BreadcrumbList\",\"@id\":\"https:\\\/\\\/www.mithieux.fr\\\/partenaires\\\/#breadcrumb\",\"itemListElement\":[{\"@type\":\"ListItem\",\"position\":1,\"name\":\"Accueil\",\"item\":\"https:\\\/\\\/www.mithieux.fr\\\/\"},{\"@type\":\"ListItem\",\"position\":2,\"name\":\"Partenaires\"}]},{\"@type\":\"WebSite\",\"@id\":\"https:\\\/\\\/www.mithieux.fr\\\/#website\",\"url\":\"https:\\\/\\\/www.mithieux.fr\\\/\",\"name\":\"Mithieux\",\"description\":\"\",\"publisher\":{\"@id\":\"https:\\\/\\\/www.mithieux.fr\\\/#organization\"},\"potentialAction\":[{\"@type\":\"SearchAction\",\"target\":{\"@type\":\"EntryPoint\",\"urlTemplate\":\"https:\\\/\\\/www.mithieux.fr\\\/?s={search_term_string}\"},\"query-input\":{\"@type\":\"PropertyValueSpecification\",\"valueRequired\":true,\"valueName\":\"search_term_string\"}}],\"inLanguage\":\"en-GB\"},{\"@type\":\"Organization\",\"@id\":\"https:\\\/\\\/www.mithieux.fr\\\/#organization\",\"name\":\"Mithieux\",\"url\":\"https:\\\/\\\/www.mithieux.fr\\\/\",\"logo\":{\"@type\":\"ImageObject\",\"inLanguage\":\"en-GB\",\"@id\":\"https:\\\/\\\/www.mithieux.fr\\\/#\\\/schema\\\/logo\\\/image\\\/\",\"url\":\"https:\\\/\\\/www.mithieux.fr\\\/wp-content\\\/uploads\\\/2021\\\/07\\\/mithieux-fondfonce-simplifie.svg\",\"contentUrl\":\"https:\\\/\\\/www.mithieux.fr\\\/wp-content\\\/uploads\\\/2021\\\/07\\\/mithieux-fondfonce-simplifie.svg\",\"caption\":\"Mithieux\"},\"image\":{\"@id\":\"https:\\\/\\\/www.mithieux.fr\\\/#\\\/schema\\\/logo\\\/image\\\/\"}}]}<\/script>\n<!-- \/ Yoast SEO plugin. -->","yoast_head_json":{"title":"Les partenaires de Mithieux Metal Protect : unions, f\u00e9d\u00e9rations, associations","description":"Les partenaires locaux, r\u00e9gionaux et nationaux de Mithieux Metal Protect, associations, f\u00e9d\u00e9ration des industries m\u00e9caniques, Union des Industries des Technologies de Surfaces","robots":{"index":"index","follow":"follow","max-snippet":"max-snippet:-1","max-image-preview":"max-image-preview:large","max-video-preview":"max-video-preview:-1"},"canonical":"https:\/\/www.mithieux.fr\/en\/partenaires\/","og_locale":"en_GB","og_type":"article","og_title":"Les partenaires de Mithieux Metal Protect : unions, f\u00e9d\u00e9rations, associations","og_description":"Les partenaires locaux, r\u00e9gionaux et nationaux de Mithieux Metal Protect, associations, f\u00e9d\u00e9ration des industries m\u00e9caniques, Union des Industries des Technologies de Surfaces","og_url":"https:\/\/www.mithieux.fr\/en\/partenaires\/","og_site_name":"Mithieux","article_modified_time":"2021-09-01T21:28:57+00:00","og_image":[{"url":"http:\/\/enlcmdy.cluster031.hosting.ovh.net\/wp-content\/uploads\/2021\/09\/logo-BPI-FRANCE.png","type":"","width":"","height":""}],"twitter_card":"summary_large_image","twitter_misc":{"Estimated reading time":"2 minutes"},"schema":{"@context":"https:\/\/schema.org","@graph":[{"@type":"WebPage","@id":"https:\/\/www.mithieux.fr\/partenaires\/","url":"https:\/\/www.mithieux.fr\/partenaires\/","name":"Les partenaires de Mithieux Metal Protect : unions, f\u00e9d\u00e9rations, associations","isPartOf":{"@id":"https:\/\/www.mithieux.fr\/#website"},"primaryImageOfPage":{"@id":"https:\/\/www.mithieux.fr\/partenaires\/#primaryimage"},"image":{"@id":"https:\/\/www.mithieux.fr\/partenaires\/#primaryimage"},"thumbnailUrl":"http:\/\/enlcmdy.cluster031.hosting.ovh.net\/wp-content\/uploads\/2021\/09\/logo-BPI-FRANCE.png","datePublished":"2021-09-01T21:20:16+00:00","dateModified":"2021-09-01T21:28:57+00:00","description":"Les partenaires locaux, r\u00e9gionaux et nationaux de Mithieux Metal Protect, associations, f\u00e9d\u00e9ration des industries m\u00e9caniques, Union des Industries des Technologies de Surfaces","breadcrumb":{"@id":"https:\/\/www.mithieux.fr\/partenaires\/#breadcrumb"},"inLanguage":"en-GB","potentialAction":[{"@type":"ReadAction","target":["https:\/\/www.mithieux.fr\/partenaires\/"]}]},{"@type":"ImageObject","inLanguage":"en-GB","@id":"https:\/\/www.mithieux.fr\/partenaires\/#primaryimage","url":"http:\/\/enlcmdy.cluster031.hosting.ovh.net\/wp-content\/uploads\/2021\/09\/logo-BPI-FRANCE.png","contentUrl":"http:\/\/enlcmdy.cluster031.hosting.ovh.net\/wp-content\/uploads\/2021\/09\/logo-BPI-FRANCE.png"},{"@type":"BreadcrumbList","@id":"https:\/\/www.mithieux.fr\/partenaires\/#breadcrumb","itemListElement":[{"@type":"ListItem","position":1,"name":"Accueil","item":"https:\/\/www.mithieux.fr\/"},{"@type":"ListItem","position":2,"name":"Partenaires"}]},{"@type":"WebSite","@id":"https:\/\/www.mithieux.fr\/#website","url":"https:\/\/www.mithieux.fr\/","name":"Mithieux","description":"","publisher":{"@id":"https:\/\/www.mithieux.fr\/#organization"},"potentialAction":[{"@type":"SearchAction","target":{"@type":"EntryPoint","urlTemplate":"https:\/\/www.mithieux.fr\/?s={search_term_string}"},"query-input":{"@type":"PropertyValueSpecification","valueRequired":true,"valueName":"search_term_string"}}],"inLanguage":"en-GB"},{"@type":"Organization","@id":"https:\/\/www.mithieux.fr\/#organization","name":"Mithieux","url":"https:\/\/www.mithieux.fr\/","logo":{"@type":"ImageObject","inLanguage":"en-GB","@id":"https:\/\/www.mithieux.fr\/#\/schema\/logo\/image\/","url":"https:\/\/www.mithieux.fr\/wp-content\/uploads\/2021\/07\/mithieux-fondfonce-simplifie.svg","contentUrl":"https:\/\/www.mithieux.fr\/wp-content\/uploads\/2021\/07\/mithieux-fondfonce-simplifie.svg","caption":"Mithieux"},"image":{"@id":"https:\/\/www.mithieux.fr\/#\/schema\/logo\/image\/"}}]}},"_links":{"self":[{"href":"https:\/\/www.mithieux.fr\/en\/wp-json\/wp\/v2\/pages\/867","targetHints":{"allow":["GET"]}}],"collection":[{"href":"https:\/\/www.mithieux.fr\/en\/wp-json\/wp\/v2\/pages"}],"about":[{"href":"https:\/\/www.mithieux.fr\/en\/wp-json\/wp\/v2\/types\/page"}],"author":[{"embeddable":true,"href":"https:\/\/www.mithieux.fr\/en\/wp-json\/wp\/v2\/users\/1"}],"replies":[{"embeddable":true,"href":"https:\/\/www.mithieux.fr\/en\/wp-json\/wp\/v2\/comments?post=867"}],"version-history":[{"count":10,"href":"https:\/\/www.mithieux.fr\/en\/wp-json\/wp\/v2\/pages\/867\/revisions"}],"predecessor-version":[{"id":881,"href":"https:\/\/www.mithieux.fr\/en\/wp-json\/wp\/v2\/pages\/867\/revisions\/881"}],"wp:attachment":[{"href":"https:\/\/www.mithieux.fr\/en\/wp-json\/wp\/v2\/media?parent=867"}],"curies":[{"name":"wp","href":"https:\/\/api.w.org\/{rel}","templated":true}]}}